{"id":1214,"date":"2025-01-17T10:40:50","date_gmt":"2025-01-17T10:40:50","guid":{"rendered":"https:\/\/annualreport.ejtn.eu\/2024\/key-figures\/"},"modified":"2025-04-29T12:03:27","modified_gmt":"2025-04-29T12:03:27","slug":"chiffres-cles","status":"publish","type":"page","link":"https:\/\/annualreport.ejtn.eu\/fr\/2024\/chiffres-cles\/","title":{"rendered":"Chiffres cl\u00e9s"},"content":{"rendered":"\n<div class=\"wp-block-group ejtn--2024--page-header has-azure-blue-background-color has-background has-global-padding is-layout-constrained wp-block-group-is-layout-constrained\" style=\"padding-top:0;padding-bottom:0\">\n<div class=\"wp-block-cover is-light\" style=\"min-height:319px;aspect-ratio:unset;\"><img loading=\"lazy\" decoding=\"async\" width=\"2400\" height=\"374\" class=\"wp-block-cover__image-background wp-image-272\" alt=\"\" src=\"https:\/\/annualreport.ejtn.eu\/wp-content\/uploads\/2025\/01\/stars-bg.png\" style=\"object-position:0% 50%\" data-object-fit=\"cover\" data-object-position=\"0% 50%\" srcset=\"https:\/\/annualreport.ejtn.eu\/wp-content\/uploads\/2025\/01\/stars-bg.png 2400w, https:\/\/annualreport.ejtn.eu\/wp-content\/uploads\/2025\/01\/stars-bg-300x47.png 300w, https:\/\/annualreport.ejtn.eu\/wp-content\/uploads\/2025\/01\/stars-bg-1024x160.png 1024w, https:\/\/annualreport.ejtn.eu\/wp-content\/uploads\/2025\/01\/stars-bg-768x120.png 768w, https:\/\/annualreport.ejtn.eu\/wp-content\/uploads\/2025\/01\/stars-bg-1536x239.png 1536w, https:\/\/annualreport.ejtn.eu\/wp-content\/uploads\/2025\/01\/stars-bg-2048x319.png 2048w\" sizes=\"auto, (max-width: 2400px) 100vw, 2400px\" \/><span aria-hidden=\"true\" class=\"wp-block-cover__background has-white-background-color has-background-dim-0 has-background-dim\"><\/span><div class=\"wp-block-cover__inner-container has-global-padding is-layout-constrained wp-block-cover-is-layout-constrained\">\n<div class=\"wp-block-group container has-global-padding is-layout-constrained wp-block-group-is-layout-constrained\">\n<h1 class=\"wp-block-heading has-white-color has-text-color has-link-color wp-elements-f8b0ae8f1777ca12d2a614ea6ac62b09\">Chiffres Cl\u00e9s<\/h1>\n<\/div>\n<\/div><\/div>\n<\/div>\n\n\n\n<div class=\"wp-block-group has-global-padding is-layout-constrained wp-block-group-is-layout-constrained\">\n<div class=\"wp-block-group container has-global-padding is-layout-constrained wp-block-group-is-layout-constrained\">\n<div class=\"wp-block-columns is-layout-flex wp-container-core-columns-is-layout-28f84493 wp-block-columns-is-layout-flex\">\n<div class=\"wp-block-column is-layout-flow wp-block-column-is-layout-flow\" style=\"flex-basis:100%\">\n<p class=\"has-medium-font-size\" style=\"font-style:normal;font-weight:300\">Tout au long de l\u2019ann\u00e9e 2024, le REFJ a continu\u00e9 \u00e0 proposer \u00e9changes, visites d\u2019\u00e9tudes, s\u00e9minaires, webinaires et autres activit\u00e9s de formation de grande qualit\u00e9. Gr\u00e2ce \u00e0 cette offre d\u00e9di\u00e9e, le REFJ a atteint un large \u00e9ventail de participants \u00e0 travers l\u2019UE, offrant des opportunit\u00e9s de formation \u00e0 la fois en pr\u00e9sentiel et en ligne. Quelques chiffres cl\u00e9s de l\u2019ann\u00e9e 2024 figurent ci-dessous.\u202f<\/p>\n<\/div>\n<\/div>\n\n\n\n<div class=\"wp-block-columns is-layout-flex wp-container-core-columns-is-layout-28f84493 wp-block-columns-is-layout-flex\">\n<div class=\"wp-block-column p-0 is-layout-flow wp-block-column-is-layout-flow\" style=\"padding-top:var(--wp--preset--spacing--40);padding-right:var(--wp--preset--spacing--40);padding-bottom:var(--wp--preset--spacing--40);padding-left:var(--wp--preset--spacing--40)\">\n<div class=\"wp-block-group has-gold-background-color has-background has-global-padding is-layout-constrained wp-container-core-group-is-layout-19e250f3 wp-block-group-is-layout-constrained\" style=\"border-radius:15px\">\n<p class=\"has-text-align-center mt-0 has-white-color has-text-color has-link-color has-xx-large-font-size wp-elements-209faef23e128e6e2175344b924674bb\"><strong>10,921<\/strong><\/p>\n\n\n\n<p class=\"has-text-align-center mt-0 has-white-color has-text-color has-link-color wp-elements-2ed775f38d8897267e0988f816b9908b\"><strong>Participants toutes<br>activit\u00e9s <br>confondues<\/strong><\/p>\n<\/div>\n<\/div>\n\n\n\n<div class=\"wp-block-column p-0 is-layout-flow wp-block-column-is-layout-flow\" style=\"padding-top:var(--wp--preset--spacing--40);padding-right:var(--wp--preset--spacing--40);padding-bottom:var(--wp--preset--spacing--40);padding-left:var(--wp--preset--spacing--40)\">\n<div class=\"wp-block-group has-olive-background-color has-background has-global-padding is-layout-constrained wp-container-core-group-is-layout-19e250f3 wp-block-group-is-layout-constrained\" style=\"border-radius:15px\">\n<p class=\"has-text-align-center mt-0 has-white-color has-text-color has-link-color has-xx-large-font-size wp-elements-de9d03338885f8edc9e21e7ec11f943d\"><strong>971<\/strong><\/p>\n\n\n\n<p class=\"has-text-align-center mt-0 has-white-color has-text-color has-link-color wp-elements-cb46330919ee9cf73beb12858c4544ee\"><strong>Activit\u00e9s <br>organis\u00e9es<\/strong><br><br><\/p>\n<\/div>\n<\/div>\n\n\n\n<div class=\"wp-block-column p-0 is-layout-flow wp-block-column-is-layout-flow\" style=\"padding-top:var(--wp--preset--spacing--40);padding-right:var(--wp--preset--spacing--40);padding-bottom:var(--wp--preset--spacing--40);padding-left:var(--wp--preset--spacing--40)\">\n<div class=\"wp-block-group has-gold-background-color has-background has-global-padding is-layout-constrained wp-container-core-group-is-layout-19e250f3 wp-block-group-is-layout-constrained\" style=\"border-radius:15px\">\n<p class=\"has-text-align-center mt-0 has-white-color has-text-color has-link-color has-xx-large-font-size wp-elements-b10785d4fd2035fd8aa2af4ee75a8487\"><strong>36,726.5<\/strong><\/p>\n\n\n\n<p class=\"has-text-align-center mt-0 has-white-color has-text-color has-link-color wp-elements-d089118ac8bec249301d302e638aaf3f\"><strong>Jours de formation <br>individuelle<\/strong><br><br><\/p>\n<\/div>\n<\/div>\n<\/div>\n\n\n\n<div class=\"wp-block-group hide-desktop has-global-padding is-layout-constrained wp-block-group-is-layout-constrained\">\n<figure class=\"wp-block-image size-full\"><img loading=\"lazy\" decoding=\"async\" width=\"1646\" height=\"674\" src=\"https:\/\/annualreport.ejtn.eu\/wp-content\/uploads\/2025\/04\/Participants-aux-echanges-visites-detude-et-autres-programmes-du-REFJ-en-2024-2.png\" alt=\"\" class=\"wp-image-1798\" srcset=\"https:\/\/annualreport.ejtn.eu\/wp-content\/uploads\/2025\/04\/Participants-aux-echanges-visites-detude-et-autres-programmes-du-REFJ-en-2024-2.png 1646w, https:\/\/annualreport.ejtn.eu\/wp-content\/uploads\/2025\/04\/Participants-aux-echanges-visites-detude-et-autres-programmes-du-REFJ-en-2024-2-300x123.png 300w, https:\/\/annualreport.ejtn.eu\/wp-content\/uploads\/2025\/04\/Participants-aux-echanges-visites-detude-et-autres-programmes-du-REFJ-en-2024-2-1024x419.png 1024w, https:\/\/annualreport.ejtn.eu\/wp-content\/uploads\/2025\/04\/Participants-aux-echanges-visites-detude-et-autres-programmes-du-REFJ-en-2024-2-768x314.png 768w, https:\/\/annualreport.ejtn.eu\/wp-content\/uploads\/2025\/04\/Participants-aux-echanges-visites-detude-et-autres-programmes-du-REFJ-en-2024-2-1536x629.png 1536w\" sizes=\"auto, (max-width: 1646px) 100vw, 1646px\" \/><\/figure>\n<\/div>\n\n\n\n<div class=\"wp-block-group hide-mobile has-border-color has-azure-blue-border-color has-global-padding is-layout-constrained wp-container-core-group-is-layout-06bdb20d wp-block-group-is-layout-constrained\" style=\"border-width:2px;border-radius:20px;padding-top:var(--wp--preset--spacing--50);padding-right:var(--wp--preset--spacing--50);padding-bottom:0;padding-left:var(--wp--preset--spacing--50)\">\n<h4 class=\"wp-block-heading has-text-align-center\">Participants aux \u00e9changes, visites d\u2019\u00e9tude et autres programmes du REFJ en 2024<\/h4>\n\n\n\n<div class=\"wp-block-group has-global-padding is-layout-constrained wp-block-group-is-layout-constrained\"><div class='ays-chart-container-google ays-chart-container-12' id='ays-chart-container6a0092c1c356a' data-id='6a0092c1c356a'><div class='ays-chart-header-container'><\/div><div class='ays-chart-charts-main-container ays-chart-charts-main-container6a0092c1c356a' id=ays-chart-column_chart6a0092c1c356a data-type='column_chart'><\/div><div class='ays-chart-actions-container'><div class='ays-chart-export-buttons' data-id='12'><\/div><\/div><\/div>\n<\/div>\n<\/div>\n\n\n\n<div class=\"wp-block-group hide-desktop has-global-padding is-layout-constrained wp-block-group-is-layout-constrained\">\n<figure class=\"wp-block-image size-full\"><img loading=\"lazy\" decoding=\"async\" width=\"844\" height=\"431\" src=\"https:\/\/annualreport.ejtn.eu\/wp-content\/uploads\/2025\/04\/Participants-aux-actions-de-formation-du-REFJ-aux-webinaires-et-aux-activites-des-catalogues-en-2024-2.png\" alt=\"\" class=\"wp-image-1796\" srcset=\"https:\/\/annualreport.ejtn.eu\/wp-content\/uploads\/2025\/04\/Participants-aux-actions-de-formation-du-REFJ-aux-webinaires-et-aux-activites-des-catalogues-en-2024-2.png 844w, https:\/\/annualreport.ejtn.eu\/wp-content\/uploads\/2025\/04\/Participants-aux-actions-de-formation-du-REFJ-aux-webinaires-et-aux-activites-des-catalogues-en-2024-2-300x153.png 300w, https:\/\/annualreport.ejtn.eu\/wp-content\/uploads\/2025\/04\/Participants-aux-actions-de-formation-du-REFJ-aux-webinaires-et-aux-activites-des-catalogues-en-2024-2-768x392.png 768w\" sizes=\"auto, (max-width: 844px) 100vw, 844px\" \/><\/figure>\n<\/div>\n\n\n\n<div class=\"wp-block-group hide-mobile has-border-color has-azure-blue-border-color has-mist-blue-background-color has-background has-global-padding is-layout-constrained wp-container-core-group-is-layout-06bdb20d wp-block-group-is-layout-constrained\" style=\"border-width:2px;border-radius:20px;padding-top:var(--wp--preset--spacing--50);padding-right:var(--wp--preset--spacing--50);padding-bottom:0;padding-left:var(--wp--preset--spacing--50)\">\n<h4 class=\"wp-block-heading has-text-align-center\">Participants aux actions de formation du REFJ, aux webinaires et aux activit\u00e9s des catalogues en 2024&nbsp;<\/h4>\n\n\n\n<div class=\"wp-block-group mb-2 has-global-padding is-layout-constrained wp-block-group-is-layout-constrained\"><div class='ays-chart-container-google ays-chart-container-13' id='ays-chart-container6a0092c1c3919' data-id='6a0092c1c3919'><div class='ays-chart-header-container'><\/div><div class='ays-chart-charts-main-container ays-chart-charts-main-container6a0092c1c3919' id=ays-chart-column_chart6a0092c1c3919 data-type='column_chart'><\/div><div class='ays-chart-actions-container'><div class='ays-chart-export-buttons' data-id='13'><\/div><\/div><\/div>\n<\/div>\n<\/div>\n\n\n\n<div class=\"wp-block-group hide-desktop has-global-padding is-layout-constrained wp-block-group-is-layout-constrained\">\n<figure class=\"wp-block-image size-full\"><img loading=\"lazy\" decoding=\"async\" width=\"844\" height=\"266\" src=\"https:\/\/annualreport.ejtn.eu\/wp-content\/uploads\/2025\/04\/Nombre-de-participants-pour-les-formations-2024-en-ligne-et-en-presentiel.png\" alt=\"\" class=\"wp-image-1699\" srcset=\"https:\/\/annualreport.ejtn.eu\/wp-content\/uploads\/2025\/04\/Nombre-de-participants-pour-les-formations-2024-en-ligne-et-en-presentiel.png 844w, https:\/\/annualreport.ejtn.eu\/wp-content\/uploads\/2025\/04\/Nombre-de-participants-pour-les-formations-2024-en-ligne-et-en-presentiel-300x95.png 300w, https:\/\/annualreport.ejtn.eu\/wp-content\/uploads\/2025\/04\/Nombre-de-participants-pour-les-formations-2024-en-ligne-et-en-presentiel-768x242.png 768w\" sizes=\"auto, (max-width: 844px) 100vw, 844px\" \/><\/figure>\n<\/div>\n\n\n\n<div class=\"wp-block-group hide-mobile has-border-color has-azure-blue-border-color has-global-padding is-layout-constrained wp-container-core-group-is-layout-06bdb20d wp-block-group-is-layout-constrained\" style=\"border-width:2px;border-radius:20px;padding-top:var(--wp--preset--spacing--50);padding-right:var(--wp--preset--spacing--50);padding-bottom:0;padding-left:var(--wp--preset--spacing--50)\">\n<h4 class=\"wp-block-heading has-text-align-center\">Nombre de participants pour les formations 2024 en ligne et en pr\u00e9sentiel<\/h4>\n\n\n\n<div class=\"wp-block-group mb-2 has-global-padding is-layout-constrained wp-block-group-is-layout-constrained\"><div class='ays-chart-container-google ays-chart-container-14' id='ays-chart-container6a0092c1c3c85' data-id='6a0092c1c3c85'><div class='ays-chart-header-container'><\/div><div class='ays-chart-charts-main-container ays-chart-charts-main-container6a0092c1c3c85' id=ays-chart-bar_chart6a0092c1c3c85 data-type='bar_chart'><\/div><div class='ays-chart-actions-container'><div class='ays-chart-export-buttons' data-id='14'><\/div><\/div><\/div>\n<\/div>\n<\/div>\n\n\n\n<div class=\"wp-block-group hide-desktop has-global-padding is-layout-constrained wp-block-group-is-layout-constrained\">\n<figure class=\"wp-block-image size-full\"><img loading=\"lazy\" decoding=\"async\" width=\"844\" height=\"266\" src=\"https:\/\/annualreport.ejtn.eu\/wp-content\/uploads\/2025\/04\/Nombre-de-jours-de-formation-offerts-par-le-REFJ-2023-2024.png\" alt=\"\" class=\"wp-image-1701\" srcset=\"https:\/\/annualreport.ejtn.eu\/wp-content\/uploads\/2025\/04\/Nombre-de-jours-de-formation-offerts-par-le-REFJ-2023-2024.png 844w, https:\/\/annualreport.ejtn.eu\/wp-content\/uploads\/2025\/04\/Nombre-de-jours-de-formation-offerts-par-le-REFJ-2023-2024-300x95.png 300w, https:\/\/annualreport.ejtn.eu\/wp-content\/uploads\/2025\/04\/Nombre-de-jours-de-formation-offerts-par-le-REFJ-2023-2024-768x242.png 768w\" sizes=\"auto, (max-width: 844px) 100vw, 844px\" \/><\/figure>\n<\/div>\n\n\n\n<div class=\"wp-block-group hide-mobile has-border-color has-azure-blue-border-color has-mist-blue-background-color has-background has-global-padding is-layout-constrained wp-container-core-group-is-layout-06bdb20d wp-block-group-is-layout-constrained\" style=\"border-width:2px;border-radius:20px;padding-top:var(--wp--preset--spacing--50);padding-right:var(--wp--preset--spacing--50);padding-bottom:0;padding-left:var(--wp--preset--spacing--50)\">\n<p><\/p>\n\n\n\n<h4 class=\"wp-block-heading has-text-align-center\">Nombre de jours de formation offerts par le REFJ 2023-2024<\/h4>\n\n\n\n<div class=\"wp-block-group mb-2 has-global-padding is-layout-constrained wp-block-group-is-layout-constrained\"><div class='ays-chart-container-google ays-chart-container-7' id='ays-chart-container6a0092c1c3fd0' data-id='6a0092c1c3fd0'><div class='ays-chart-header-container'><\/div><div class='ays-chart-charts-main-container ays-chart-charts-main-container6a0092c1c3fd0' id=ays-chart-bar_chart6a0092c1c3fd0 data-type='bar_chart'><\/div><div class='ays-chart-actions-container'><div class='ays-chart-export-buttons' data-id='7'><\/div><\/div><\/div>\n<\/div>\n<\/div>\n\n\n\n<div class=\"wp-block-group hide-desktop has-global-padding is-layout-constrained wp-block-group-is-layout-constrained\">\n<figure class=\"wp-block-image size-full\"><img loading=\"lazy\" decoding=\"async\" width=\"844\" height=\"354\" src=\"https:\/\/annualreport.ejtn.eu\/wp-content\/uploads\/2025\/04\/Nombre-de-jours-de-formation-offerts-par-le-REFJ-2006-2024.png\" alt=\"\" class=\"wp-image-1703\" srcset=\"https:\/\/annualreport.ejtn.eu\/wp-content\/uploads\/2025\/04\/Nombre-de-jours-de-formation-offerts-par-le-REFJ-2006-2024.png 844w, https:\/\/annualreport.ejtn.eu\/wp-content\/uploads\/2025\/04\/Nombre-de-jours-de-formation-offerts-par-le-REFJ-2006-2024-300x126.png 300w, https:\/\/annualreport.ejtn.eu\/wp-content\/uploads\/2025\/04\/Nombre-de-jours-de-formation-offerts-par-le-REFJ-2006-2024-768x322.png 768w\" sizes=\"auto, (max-width: 844px) 100vw, 844px\" \/><\/figure>\n<\/div>\n\n\n\n<div class=\"wp-block-group hide-mobile has-border-color has-azure-blue-border-color has-global-padding is-layout-constrained wp-container-core-group-is-layout-06bdb20d wp-block-group-is-layout-constrained\" style=\"border-width:2px;border-radius:20px;padding-top:var(--wp--preset--spacing--50);padding-right:var(--wp--preset--spacing--50);padding-bottom:0;padding-left:var(--wp--preset--spacing--50)\">\n<h4 class=\"wp-block-heading has-text-align-center\">Nombre de jours de formation offerts par le REFJ 2006-2024<\/h4>\n\n\n\n<div class=\"wp-block-group mb-2 has-global-padding is-layout-constrained wp-block-group-is-layout-constrained\"><div class='ays-chart-container-google ays-chart-container-9' id='ays-chart-container6a0092c1c4303' data-id='6a0092c1c4303'><div class='ays-chart-header-container'><\/div><div class='ays-chart-charts-main-container ays-chart-charts-main-container6a0092c1c4303' id=ays-chart-line_chart6a0092c1c4303 data-type='line_chart'><\/div><div class='ays-chart-actions-container'><div class='ays-chart-export-buttons' data-id='9'><\/div><\/div><\/div>\n<\/div>\n<\/div>\n\n\n\n<div class=\"wp-block-group hide-desktop has-global-padding is-layout-constrained wp-block-group-is-layout-constrained\">\n<figure class=\"wp-block-image size-full\"><img loading=\"lazy\" decoding=\"async\" width=\"407\" height=\"344\" src=\"https:\/\/annualreport.ejtn.eu\/wp-content\/uploads\/2025\/04\/Nombre-de-participants-aux-formations-selon-la-profession.png\" alt=\"\" class=\"wp-image-1705\" srcset=\"https:\/\/annualreport.ejtn.eu\/wp-content\/uploads\/2025\/04\/Nombre-de-participants-aux-formations-selon-la-profession.png 407w, https:\/\/annualreport.ejtn.eu\/wp-content\/uploads\/2025\/04\/Nombre-de-participants-aux-formations-selon-la-profession-300x254.png 300w\" sizes=\"auto, (max-width: 407px) 100vw, 407px\" \/><\/figure>\n\n\n\n<figure class=\"wp-block-image size-full\"><img loading=\"lazy\" decoding=\"async\" width=\"407\" height=\"344\" src=\"https:\/\/annualreport.ejtn.eu\/wp-content\/uploads\/2025\/04\/Repartition-entre-les-genres.png\" alt=\"\" class=\"wp-image-1707\" srcset=\"https:\/\/annualreport.ejtn.eu\/wp-content\/uploads\/2025\/04\/Repartition-entre-les-genres.png 407w, https:\/\/annualreport.ejtn.eu\/wp-content\/uploads\/2025\/04\/Repartition-entre-les-genres-300x254.png 300w\" sizes=\"auto, (max-width: 407px) 100vw, 407px\" \/><\/figure>\n<\/div>\n\n\n\n<div class=\"wp-block-columns hide-mobile is-layout-flex wp-container-core-columns-is-layout-28f84493 wp-block-columns-is-layout-flex\">\n<div class=\"wp-block-column is-layout-flow wp-block-column-is-layout-flow\">\n<div class=\"wp-block-group hide-mobile has-border-color has-mist-blue-background-color has-background has-global-padding is-layout-constrained wp-container-core-group-is-layout-3a01fca2 wp-block-group-is-layout-constrained\" style=\"border-color:#114467;border-width:2px;border-radius:20px;padding-top:var(--wp--preset--spacing--50);padding-right:var(--wp--preset--spacing--50);padding-bottom:0;padding-left:var(--wp--preset--spacing--50)\">\n<h4 class=\"wp-block-heading has-text-align-center mb-1\">Nombre de participants aux formations selon la profession<\/h4>\n\n\n\n<div class=\"wp-block-group mt-0 has-global-padding is-layout-constrained wp-block-group-is-layout-constrained\"><div class='ays-chart-container-google ays-chart-container-16' id='ays-chart-container6a0092c1c4662' data-id='6a0092c1c4662'><div class='ays-chart-header-container'><div class='ays-chart-charts-description ays-chart-charts-description6a0092c1c4662'><\/div><\/div><div class='ays-chart-charts-main-container ays-chart-charts-main-container6a0092c1c4662' id=ays-chart-donut_chart6a0092c1c4662 data-type='donut_chart'><\/div><div class='ays-chart-actions-container'><div class='ays-chart-export-buttons' data-id='16'><\/div><\/div><\/div>\n<\/div>\n<\/div>\n<\/div>\n\n\n\n<div class=\"wp-block-column is-vertically-aligned-stretch is-layout-flow wp-block-column-is-layout-flow\">\n<div class=\"wp-block-group h-100 hide-mobile has-border-color has-mist-blue-background-color has-background has-global-padding is-layout-constrained wp-container-core-group-is-layout-3a01fca2 wp-block-group-is-layout-constrained\" style=\"border-color:#114467;border-width:2px;border-radius:20px;padding-top:var(--wp--preset--spacing--50);padding-right:var(--wp--preset--spacing--50);padding-bottom:0;padding-left:var(--wp--preset--spacing--50)\">\n<h4 class=\"wp-block-heading has-text-align-center\">R\u00e9partition entre les genres<\/h4>\n\n\n\n<div class=\"wp-block-group mt-0 has-global-padding is-layout-constrained wp-block-group-is-layout-constrained\"><div class='ays-chart-container-google ays-chart-container-17' id='ays-chart-container6a0092c1c4990' data-id='6a0092c1c4990'><div class='ays-chart-header-container'><div class='ays-chart-charts-description ays-chart-charts-description6a0092c1c4990'><\/div><\/div><div class='ays-chart-charts-main-container ays-chart-charts-main-container6a0092c1c4990' id=ays-chart-donut_chart6a0092c1c4990 data-type='donut_chart'><\/div><div class='ays-chart-actions-container'><div class='ays-chart-export-buttons' data-id='17'><\/div><\/div><\/div>\n<\/div>\n<\/div>\n<\/div>\n<\/div>\n\n\n\n<div class=\"wp-block-group hide-desktop has-global-padding is-layout-constrained wp-block-group-is-layout-constrained\">\n<figure class=\"wp-block-image size-full\"><img loading=\"lazy\" decoding=\"async\" width=\"844\" height=\"496\" src=\"https:\/\/annualreport.ejtn.eu\/wp-content\/uploads\/2025\/04\/Nombre-de-participants-selon-la-nationalite.png\" alt=\"\" class=\"wp-image-1709\" srcset=\"https:\/\/annualreport.ejtn.eu\/wp-content\/uploads\/2025\/04\/Nombre-de-participants-selon-la-nationalite.png 844w, https:\/\/annualreport.ejtn.eu\/wp-content\/uploads\/2025\/04\/Nombre-de-participants-selon-la-nationalite-300x176.png 300w, https:\/\/annualreport.ejtn.eu\/wp-content\/uploads\/2025\/04\/Nombre-de-participants-selon-la-nationalite-768x451.png 768w\" sizes=\"auto, (max-width: 844px) 100vw, 844px\" \/><\/figure>\n<\/div>\n\n\n\n<div class=\"wp-block-group hide-mobile has-border-color has-azure-blue-border-color has-global-padding is-layout-constrained wp-container-core-group-is-layout-06bdb20d wp-block-group-is-layout-constrained\" style=\"border-width:2px;border-radius:20px;padding-top:var(--wp--preset--spacing--50);padding-right:var(--wp--preset--spacing--50);padding-bottom:0;padding-left:var(--wp--preset--spacing--50)\">\n<h4 class=\"wp-block-heading has-text-align-center\">Nombre de participants selon la nationalit\u00e9<\/h4>\n\n\n\n<div class=\"wp-block-group mb-2 has-global-padding is-layout-constrained wp-block-group-is-layout-constrained\"><div class='ays-chart-container-google ays-chart-container-18' id='ays-chart-container6a0092c1c4cd4' data-id='6a0092c1c4cd4'><div class='ays-chart-header-container'><\/div><div class='ays-chart-charts-main-container ays-chart-charts-main-container6a0092c1c4cd4' id=ays-chart-bar_chart6a0092c1c4cd4 data-type='bar_chart'><\/div><div class='ays-chart-actions-container'><div class='ays-chart-export-buttons' data-id='18'><\/div><\/div><\/div>\n<\/div>\n<\/div>\n\n\n\n<p><\/p>\n<\/div>\n\n\n\n<p><\/p>\n\n\n\n<p><\/p>\n<\/div>\n","protected":false},"excerpt":{"rendered":"<p>Tout au long de l\u2019ann\u00e9e 2024, le REFJ a continu\u00e9 \u00e0 proposer \u00e9changes, visites d\u2019\u00e9tudes, s\u00e9minaires, webinaires et autres activit\u00e9s de formation de grande qualit\u00e9. Gr\u00e2ce \u00e0 cette offre d\u00e9di\u00e9e, le REFJ a atteint un large \u00e9ventail de participants \u00e0 travers l\u2019UE, offrant des opportunit\u00e9s de formation \u00e0 la fois en pr\u00e9sentiel et en ligne. [&hellip;]<\/p>\n","protected":false},"author":1,"featured_media":0,"parent":17,"menu_order":3,"comment_status":"closed","ping_status":"closed","template":"","meta":{"footnotes":""},"class_list":["post-1214","page","type-page","status-publish","hentry"],"_links":{"self":[{"href":"https:\/\/annualreport.ejtn.eu\/fr\/wp-json\/wp\/v2\/pages\/1214","targetHints":{"allow":["GET"]}}],"collection":[{"href":"https:\/\/annualreport.ejtn.eu\/fr\/wp-json\/wp\/v2\/pages"}],"about":[{"href":"https:\/\/annualreport.ejtn.eu\/fr\/wp-json\/wp\/v2\/types\/page"}],"author":[{"embeddable":true,"href":"https:\/\/annualreport.ejtn.eu\/fr\/wp-json\/wp\/v2\/users\/1"}],"replies":[{"embeddable":true,"href":"https:\/\/annualreport.ejtn.eu\/fr\/wp-json\/wp\/v2\/comments?post=1214"}],"version-history":[{"count":75,"href":"https:\/\/annualreport.ejtn.eu\/fr\/wp-json\/wp\/v2\/pages\/1214\/revisions"}],"predecessor-version":[{"id":1800,"href":"https:\/\/annualreport.ejtn.eu\/fr\/wp-json\/wp\/v2\/pages\/1214\/revisions\/1800"}],"up":[{"embeddable":true,"href":"https:\/\/annualreport.ejtn.eu\/fr\/wp-json\/wp\/v2\/pages\/17"}],"wp:attachment":[{"href":"https:\/\/annualreport.ejtn.eu\/fr\/wp-json\/wp\/v2\/media?parent=1214"}],"curies":[{"name":"wp","href":"https:\/\/api.w.org\/{rel}","templated":true}]}}