{"id":1356,"date":"2025-01-22T08:20:18","date_gmt":"2025-01-22T08:20:18","guid":{"rendered":"https:\/\/annualreport.ejtn.eu\/2024\/activites-2024\/initial-training\/"},"modified":"2025-05-21T09:46:39","modified_gmt":"2025-05-21T09:46:39","slug":"formation-initiale","status":"publish","type":"page","link":"https:\/\/annualreport.ejtn.eu\/fr\/2024\/activites-2024\/formation-initiale\/","title":{"rendered":"Formation Initiale"},"content":{"rendered":"\n<div class=\"wp-block-group ejtn--2024--page-header has-teal-background-color has-background has-global-padding is-layout-constrained wp-block-group-is-layout-constrained\" style=\"padding-top:0;padding-bottom:0\">\n<div class=\"wp-block-cover is-light\" style=\"min-height:319px;aspect-ratio:unset;\"><img loading=\"lazy\" decoding=\"async\" width=\"2400\" height=\"374\" class=\"wp-block-cover__image-background wp-image-272\" alt=\"\" src=\"https:\/\/annualreport.ejtn.eu\/wp-content\/uploads\/2025\/01\/stars-bg.png\" style=\"object-position:0% 50%\" data-object-fit=\"cover\" data-object-position=\"0% 50%\" srcset=\"https:\/\/annualreport.ejtn.eu\/wp-content\/uploads\/2025\/01\/stars-bg.png 2400w, https:\/\/annualreport.ejtn.eu\/wp-content\/uploads\/2025\/01\/stars-bg-300x47.png 300w, https:\/\/annualreport.ejtn.eu\/wp-content\/uploads\/2025\/01\/stars-bg-1024x160.png 1024w, https:\/\/annualreport.ejtn.eu\/wp-content\/uploads\/2025\/01\/stars-bg-768x120.png 768w, https:\/\/annualreport.ejtn.eu\/wp-content\/uploads\/2025\/01\/stars-bg-1536x239.png 1536w, https:\/\/annualreport.ejtn.eu\/wp-content\/uploads\/2025\/01\/stars-bg-2048x319.png 2048w\" sizes=\"auto, (max-width: 2400px) 100vw, 2400px\" \/><span aria-hidden=\"true\" class=\"wp-block-cover__background has-white-background-color has-background-dim-0 has-background-dim\"><\/span><div class=\"wp-block-cover__inner-container is-layout-flow wp-block-cover-is-layout-flow\">\n<div class=\"wp-block-group container has-global-padding is-layout-constrained wp-block-group-is-layout-constrained\">\n<p class=\"has-white-color has-text-color has-link-color wp-elements-c5ca3a92d3711ed702bc805b043316e5\" style=\"padding-top:0;padding-bottom:0;font-size:18px\"><strong>Activit\u00e9s 2024<\/strong><\/p>\n\n\n\n<h1 class=\"wp-block-heading has-white-color has-text-color has-link-color wp-elements-409e87f644723dfb8eca0cbd19ff3dfa\">Formation Initiale<\/h1>\n<\/div>\n<\/div><\/div>\n<\/div>\n\n\n\n<div class=\"wp-block-group has-global-padding is-layout-constrained wp-block-group-is-layout-constrained\">\n<div class=\"wp-block-group has-global-padding is-layout-constrained wp-block-group-is-layout-constrained\">\n<div class=\"wp-block-group container has-global-padding is-layout-constrained wp-block-group-is-layout-constrained\">\n<div class=\"wp-block-columns is-layout-flex wp-container-core-columns-is-layout-28f84493 wp-block-columns-is-layout-flex\">\n<div class=\"wp-block-column is-layout-flow wp-block-column-is-layout-flow\" style=\"flex-basis:100%\">\n<p class=\"has-medium-font-size\" style=\"font-style:normal;font-weight:300\">Les juges et les procureurs des \u00c9tats membres de l\u2019UE sont tenus d\u2019appliquer le droit de l\u2019UE d\u00e8s le d\u00e9but de leur carri\u00e8re professionnelle. Ils peuvent \u00e9galement collaborer sur des affaires transfrontali\u00e8res avec leurs homologues d\u2019autres \u00c9tats membres de l\u2019UE. Le REFJ propose deux activit\u00e9s phares ax\u00e9es sur la formation initiale des juges et procureurs europ\u00e9ens : le programme AIAKOS et le concours THEMIS.<\/p>\n<\/div>\n<\/div>\n<\/div>\n<\/div>\n<\/div>\n\n\n\n<div class=\"wp-block-group has-global-padding is-layout-constrained wp-block-group-is-layout-constrained\">\n<div class=\"wp-block-group container has-global-padding is-layout-constrained wp-block-group-is-layout-constrained\">\n<h2 class=\"wp-block-heading\">Programme AIAKOS<\/h2>\n<\/div>\n<\/div>\n\n\n\n<div class=\"wp-block-group has-global-padding is-layout-constrained wp-block-group-is-layout-constrained\">\n<div class=\"wp-block-group container has-global-padding is-layout-constrained wp-block-group-is-layout-constrained\">\n<div class=\"wp-block-columns is-layout-flex wp-container-core-columns-is-layout-28f84493 wp-block-columns-is-layout-flex\">\n<div class=\"wp-block-column is-layout-flow wp-block-column-is-layout-flow\" style=\"flex-basis:66.66%\">\n<h3 class=\"wp-block-heading\">Vue d\u2019ensemble<\/h3>\n\n\n\n<p>Le <a href=\"https:\/\/ejtn.eu\/fr\/activity\/programme-aiakos\/\">programme AIAKOS<\/a> est une plateforme d&#8217;\u00e9change unique destin\u00e9e aux futurs juges et procureurs, ainsi que ceux en d\u00e9but de carri\u00e8re. Ce programme leur permet de d\u00e9couvrir les diff\u00e9rents syst\u00e8mes judiciaires nationaux, de renforcer la confiance mutuelle et de mieux appr\u00e9hender la dimension europ\u00e9enne de leur travail. Organis\u00e9 deux fois par an, en mai et en novembre, il comprend des \u00e9changes de cinq jours au sein d&#8217;institutions judiciaires situ\u00e9es dans d&#8217;autres \u00c9tats membres de l&#8217;UE. Les participants assistent \u00e0 des audiences et \u00e9changent sur le droit de l&#8217;UE, l&#8217;\u00e9thique et la coop\u00e9ration judiciaire.<\/p>\n\n\n\n<h3 class=\"wp-block-heading\">R\u00e9alisations en 2024<\/h3>\n\n\n\n<p>En 2024, le programme AIAKOS a atteint de nouveaux sommets, avec 44 \u00e9changes organis\u00e9s dans 27 institutions judiciaires r\u00e9parties dans 24 \u00c9tats membres, impliquant un nombre record de 1381 participants.\u00a0Cette ann\u00e9e a marqu\u00e9 l\u2019int\u00e9gration du Luxembourg et de Malte en tant que nouveaux participants, \u00e9largissant ainsi davantage la port\u00e9e et la diversit\u00e9 du programme. De plus, le Luxembourg et l\u2019Espagne ont rendu la participation au programme AIAKOS obligatoire \u00e0 partir de 2024. L\u2019offre p\u00e9dagogique \u00e9ducative a \u00e9t\u00e9 enrichie par des sessions en ligne parall\u00e8les consacr\u00e9es au m\u00e9tier de juge, \u00e0 l\u2019\u00e9thique judiciaire et \u00e0 la communication en salle d\u2019audience, facilitant ainsi l\u2019accessibilit\u00e9 et l\u2019inclusivit\u00e9. Les institutions d\u2019accueil ont \u00e9galement enrichi l\u2019exp\u00e9rience en proposant des proc\u00e8s simul\u00e9s, des ateliers interactifs et des sessions sur les outils de la justice num\u00e9rique. Les participants ont unanimement salu\u00e9 l\u2019impact transformateur du programme, soulignant une meilleure compr\u00e9hension des syst\u00e8mes judiciaires au-del\u00e0 des fronti\u00e8res et le d\u00e9veloppement de r\u00e9seaux professionnels pr\u00e9cieux. L\u2019\u00e9volution continue du programme AIAKOS en 2024 t\u00e9moigne de son engagement \u00e0 pr\u00e9parer la prochaine g\u00e9n\u00e9ration de professionnels du judiciaire \u00e0 une collaboration efficace et une confiance mutuelle au sein de la justice europ\u00e9enne.<\/p>\n\n\n\n<p><a id=\"_msocom_1\"><\/a><\/p>\n<\/div>\n\n\n\n<div class=\"wp-block-column is-layout-flow wp-block-column-is-layout-flow\" style=\"flex-basis:33.33%\">\n<figure class=\"wp-block-pullquote\"><blockquote><p>&#8220;En 2024, le programme AIAKOS a atteint de nouveaux sommets, avec 44 \u00e9changes organis\u00e9s dans 27 institutions judiciaires r\u00e9parties dans 24 \u00c9tats membres, impliquant un nombre record de 1381 participants.&#8221;<\/p><\/blockquote><\/figure>\n<\/div>\n<\/div>\n\n\n\n<figure class=\"wp-block-image size-large\"><img loading=\"lazy\" decoding=\"async\" width=\"1024\" height=\"682\" src=\"https:\/\/annualreport.ejtn.eu\/wp-content\/uploads\/2025\/01\/AIAKOS-Programme-1024x682.png\" alt=\"\" class=\"wp-image-252\" srcset=\"https:\/\/annualreport.ejtn.eu\/wp-content\/uploads\/2025\/01\/AIAKOS-Programme-1024x682.png 1024w, https:\/\/annualreport.ejtn.eu\/wp-content\/uploads\/2025\/01\/AIAKOS-Programme-300x200.png 300w, https:\/\/annualreport.ejtn.eu\/wp-content\/uploads\/2025\/01\/AIAKOS-Programme-768x512.png 768w, https:\/\/annualreport.ejtn.eu\/wp-content\/uploads\/2025\/01\/AIAKOS-Programme-1536x1023.png 1536w, https:\/\/annualreport.ejtn.eu\/wp-content\/uploads\/2025\/01\/AIAKOS-Programme.png 1804w\" sizes=\"auto, (max-width: 1024px) 100vw, 1024px\" \/><\/figure>\n<\/div>\n<\/div>\n\n\n\n<div class=\"wp-block-group has-teal-background-color has-background has-global-padding is-layout-constrained wp-block-group-is-layout-constrained\">\n<div class=\"wp-block-group container has-global-padding is-layout-constrained wp-block-group-is-layout-constrained\">\n<div class=\"wp-block-columns is-layout-flex wp-container-core-columns-is-layout-28f84493 wp-block-columns-is-layout-flex\">\n<div class=\"wp-block-column is-vertically-aligned-center is-layout-flow wp-block-column-is-layout-flow\">\n<h3 class=\"wp-block-heading has-white-color has-text-color has-link-color wp-elements-4d6f5bc17d7c2603124b7fd8d676a441\">Contenu connexe<\/h3>\n\n\n\n<ul class=\"wp-block-list\">\n<li class=\"has-white-color has-text-color has-link-color wp-elements-eb185e3aa859f3414184591fbaa0d375\"><a href=\"https:\/\/ejtn.eu\/fr\/news\/le-programme-aiakos-rassemble-plus-de-1300-stagiaires-judiciaires-a-travers-leurope\/\">Le programme AIAKOS rassemble plus de 1300 stagiaires judiciaires \u00e0 travers l\u2019Europe<\/a><\/li>\n\n\n\n<li class=\"has-white-color has-text-color has-link-color wp-elements-f0d38768fb03c29794a7b2ce3673a6bf\"><a href=\"https:\/\/ejtn.eu\/fr\/news\/renforcer-lavenir-de-la-justice\/\">Renforcer l\u2019avenir de la justice<\/a><\/li>\n<\/ul>\n<\/div>\n\n\n\n<div class=\"wp-block-column is-vertically-aligned-center is-layout-flow wp-block-column-is-layout-flow\">\n<figure class=\"wp-block-image size-large has-custom-border\"><img loading=\"lazy\" decoding=\"async\" width=\"1024\" height=\"472\" src=\"https:\/\/annualreport.ejtn.eu\/wp-content\/uploads\/2025\/02\/AIAKOS-4-1024x472.jpg\" alt=\"\" class=\"wp-image-671\" style=\"border-radius:10px\" srcset=\"https:\/\/annualreport.ejtn.eu\/wp-content\/uploads\/2025\/02\/AIAKOS-4-1024x472.jpg 1024w, https:\/\/annualreport.ejtn.eu\/wp-content\/uploads\/2025\/02\/AIAKOS-4-300x138.jpg 300w, https:\/\/annualreport.ejtn.eu\/wp-content\/uploads\/2025\/02\/AIAKOS-4-768x354.jpg 768w, https:\/\/annualreport.ejtn.eu\/wp-content\/uploads\/2025\/02\/AIAKOS-4-1536x708.jpg 1536w, https:\/\/annualreport.ejtn.eu\/wp-content\/uploads\/2025\/02\/AIAKOS-4-2048x944.jpg 2048w\" sizes=\"auto, (max-width: 1024px) 100vw, 1024px\" \/><\/figure>\n<\/div>\n<\/div>\n<\/div>\n<\/div>\n\n\n\n<div class=\"wp-block-group has-mist-blue-background-color has-background has-global-padding is-layout-constrained wp-block-group-is-layout-constrained\">\n<div class=\"wp-block-group container is-layout-flow wp-block-group-is-layout-flow\">\n<h2 class=\"wp-block-heading\">Concours THEMIS&nbsp;<\/h2>\n\n\n\n<h3 class=\"wp-block-heading\">Vue d\u2019ensemble<\/h3>\n\n\n\n<div class=\"wp-block-columns is-layout-flex wp-container-core-columns-is-layout-28f84493 wp-block-columns-is-layout-flex\">\n<div class=\"wp-block-column is-layout-flow wp-block-column-is-layout-flow\" style=\"flex-basis:66.66%\">\n<p><a href=\"https:\/\/ejtn.eu\/fr\/activity\/themis\/\">Le concours THEMIS<\/a>&nbsp;rassemble de futurs juges et procureurs des \u00c9tats membres de l&#8217;UE et de pays tiers pour d\u00e9battre de sujets juridiques cl\u00e9s, r\u00e9diger des m\u00e9moires, pr\u00e9senter leurs travaux et \u00e9changer avec leurs pairs et un jury distingu\u00e9. Le concours se compose de quatre demi-finales, chacune ax\u00e9e sur un th\u00e8me sp\u00e9cifique : les proc\u00e9dures p\u00e9nales, le droit de la famille ou administratif, les proc\u00e9dures civiles et l&#8217;\u00e9thique judiciaire. Les gagnants acc\u00e8dent \u00e0 la Grande Finale organis\u00e9e par le pays vainqueur de l&#8217;ann\u00e9e pr\u00e9c\u00e9dente. Le concours renforce la confiance mutuelle et approfondit les connaissances des syst\u00e8mes juridiques europ\u00e9ens et internationaux.&nbsp;<\/p>\n<\/div>\n\n\n\n<div class=\"wp-block-column is-layout-flow wp-block-column-is-layout-flow\" style=\"flex-basis:33.33%\">\n<figure class=\"wp-block-pullquote\"><blockquote><p>&#8220;En 2024, le concours THEMIS a c\u00e9l\u00e9br\u00e9 son 15\u00e8me anniversaire en mettant en lumi\u00e8re son impact sur la formation des futurs professionnels de la justice.&#8221;&nbsp;<\/p><\/blockquote><\/figure>\n<\/div>\n<\/div>\n\n\n\n<div class=\"wp-block-columns is-layout-flex wp-container-core-columns-is-layout-28f84493 wp-block-columns-is-layout-flex\">\n<div class=\"wp-block-column is-layout-flow wp-block-column-is-layout-flow\" style=\"flex-basis:66.66%\">\n<h3 class=\"wp-block-heading\">R\u00e9alisations en 2024<\/h3>\n\n\n\n<p>En 2024, le concours THEMIS a c\u00e9l\u00e9br\u00e9 son 15\u00e8me anniversaire en mettant en lumi\u00e8re son impact sur la formation des futurs professionnels de la justice. Pour la premi\u00e8re fois, une demi-finale \u00e9tait ax\u00e9e sur le droit administratif, permettant ainsi une alternance des sujets. En 2024, 43 \u00e9quipes issues de 16 pays (12 \u00c9tats membres de l&#8217;UE, trois pays des Balkans occidentaux et la Moldavie) ont particip\u00e9 soulignant la port\u00e9e europ\u00e9enne du concours. Les demi-finales ont eu lieu \u00e0 Budapest, Rome, Utrecht et Tr\u00e8ves, avant la grande finale organis\u00e9e \u00e0 Naples, o\u00f9 l&#8217;\u00e9quipe de Roumanie a remport\u00e9 la victoire, suivie par l&#8217;Allemagne et l&#8217;Espagne.<\/p>\n\n\n\n<p>De plus, en 2024, la visite d&#8217;\u00e9tude d\u00e9cern\u00e9e aux gagnants du concours 2023 s\u2019est d\u00e9roul\u00e9e \u00e0 la Cour de justice de l&#8217;Union europ\u00e9enne.<\/p>\n\n\n\n<p><a id=\"_msocom_1\"><\/a><\/p>\n<\/div>\n\n\n\n<div class=\"wp-block-column is-vertically-aligned-center is-layout-flow wp-block-column-is-layout-flow\" style=\"flex-basis:33.33%\">\n<figure class=\"wp-block-pullquote\"><blockquote><p><em>\u201cLe concours THEMIS a peut-\u00eatre \u00e9t\u00e9 l\u2019exp\u00e9rience d\u2019apprentissage la plus pr\u00e9cieuse de notre formation initiale, combinant travail d\u2019\u00e9quipe et coop\u00e9ration avec nos coll\u00e8gues exceptionnels \u00e0 travers l\u2019Europe.\u201d &#8211;&nbsp;<\/em><strong>L\u2019\u00e9quipe gagnante de Roumanie<\/strong><\/p><\/blockquote><\/figure>\n<\/div>\n<\/div>\n\n\n\n<figure class=\"wp-block-image size-full has-custom-border img-fluid\"><img loading=\"lazy\" decoding=\"async\" width=\"2560\" height=\"1920\" src=\"https:\/\/annualreport.ejtn.eu\/wp-content\/uploads\/2025\/02\/FAMILY-PIC_1-scaled.jpg\" alt=\"\" class=\"wp-image-693\" style=\"border-radius:10px;object-fit:cover\" title=\"\" srcset=\"https:\/\/annualreport.ejtn.eu\/wp-content\/uploads\/2025\/02\/FAMILY-PIC_1-scaled.jpg 2560w, https:\/\/annualreport.ejtn.eu\/wp-content\/uploads\/2025\/02\/FAMILY-PIC_1-300x225.jpg 300w, https:\/\/annualreport.ejtn.eu\/wp-content\/uploads\/2025\/02\/FAMILY-PIC_1-1024x768.jpg 1024w, https:\/\/annualreport.ejtn.eu\/wp-content\/uploads\/2025\/02\/FAMILY-PIC_1-768x576.jpg 768w, https:\/\/annualreport.ejtn.eu\/wp-content\/uploads\/2025\/02\/FAMILY-PIC_1-1536x1152.jpg 1536w, https:\/\/annualreport.ejtn.eu\/wp-content\/uploads\/2025\/02\/FAMILY-PIC_1-2048x1536.jpg 2048w\" sizes=\"auto, (max-width: 2560px) 100vw, 2560px\" \/><\/figure>\n<\/div>\n<\/div>\n\n\n\n<div class=\"wp-block-group has-teal-background-color has-background has-global-padding is-layout-constrained wp-block-group-is-layout-constrained\">\n<div class=\"wp-block-group container has-global-padding is-layout-constrained wp-block-group-is-layout-constrained\">\n<div class=\"wp-block-columns is-layout-flex wp-container-core-columns-is-layout-28f84493 wp-block-columns-is-layout-flex\">\n<div class=\"wp-block-column is-vertically-aligned-center is-layout-flow wp-block-column-is-layout-flow\">\n<h3 class=\"wp-block-heading has-white-color has-text-color has-link-color wp-elements-4d6f5bc17d7c2603124b7fd8d676a441\">Contenu connexe<\/h3>\n\n\n\n<ul class=\"wp-block-list\">\n<li class=\"has-white-color has-text-color has-link-color wp-elements-86c236a7344f09bb8e384fa0d6d4e17c\"><a href=\"https:\/\/ejtn.eu\/fr\/news\/lequipe-de-roumanie-couronnee-championne-de-la-grande-finale-themis-2024\/\">L\u2019\u00e9quipe de Roumanie couronn\u00e9e championne de la Grande Finale THEMIS 2024<\/a><\/li>\n\n\n\n<li class=\"has-white-color has-text-color has-link-color wp-elements-d01a984e56a40052beb8b5fb7edc4a36\"><a href=\"https:\/\/ejtn.eu\/fr\/news\/visite-des-laureats-du-concours-themis-2023-a-la-cour-de-justice-de-lunion-europeenne\/\">Visite des laur\u00e9ats du concours THEMIS 2023 \u00e0 la Cour de justice de l\u2019Union europ\u00e9enne<\/a>&nbsp;<\/li>\n\n\n\n<li class=\"has-white-color has-text-color has-link-color wp-elements-70b6e1d1262f0f677225fb9894a5138d\"><a href=\"https:\/\/ejtn.eu\/fr\/news\/15-choses-que-vous-ne-saviez-probablement-pas-sur-themis\/\">15 choses que vous ne saviez (probablement) pas sur THEMIS<\/a><\/li>\n<\/ul>\n<\/div>\n\n\n\n<div class=\"wp-block-column is-vertically-aligned-center is-layout-flow wp-block-column-is-layout-flow\">\n<figure class=\"wp-block-image size-full has-custom-border\"><img loading=\"lazy\" decoding=\"async\" width=\"2560\" height=\"1920\" src=\"https:\/\/annualreport.ejtn.eu\/wp-content\/uploads\/2025\/02\/THEMIS-Study-visit-of-2023-Winners-11-15-November-2024-1-scaled.jpg\" alt=\"\" class=\"wp-image-691\" style=\"border-radius:10px\" srcset=\"https:\/\/annualreport.ejtn.eu\/wp-content\/uploads\/2025\/02\/THEMIS-Study-visit-of-2023-Winners-11-15-November-2024-1-scaled.jpg 2560w, https:\/\/annualreport.ejtn.eu\/wp-content\/uploads\/2025\/02\/THEMIS-Study-visit-of-2023-Winners-11-15-November-2024-1-300x225.jpg 300w, https:\/\/annualreport.ejtn.eu\/wp-content\/uploads\/2025\/02\/THEMIS-Study-visit-of-2023-Winners-11-15-November-2024-1-1024x768.jpg 1024w, https:\/\/annualreport.ejtn.eu\/wp-content\/uploads\/2025\/02\/THEMIS-Study-visit-of-2023-Winners-11-15-November-2024-1-768x576.jpg 768w, https:\/\/annualreport.ejtn.eu\/wp-content\/uploads\/2025\/02\/THEMIS-Study-visit-of-2023-Winners-11-15-November-2024-1-1536x1152.jpg 1536w, https:\/\/annualreport.ejtn.eu\/wp-content\/uploads\/2025\/02\/THEMIS-Study-visit-of-2023-Winners-11-15-November-2024-1-2048x1536.jpg 2048w\" sizes=\"auto, (max-width: 2560px) 100vw, 2560px\" \/><\/figure>\n<\/div>\n<\/div>\n<\/div>\n<\/div>\n","protected":false},"excerpt":{"rendered":"<p>Les juges et les procureurs des \u00c9tats membres de l\u2019UE sont tenus d\u2019appliquer le droit de l\u2019UE d\u00e8s le d\u00e9but de leur carri\u00e8re professionnelle. Ils peuvent \u00e9galement collaborer sur des affaires transfrontali\u00e8res avec leurs homologues d\u2019autres \u00c9tats membres de l\u2019UE. Le REFJ propose deux activit\u00e9s phares ax\u00e9es sur la formation initiale des juges et procureurs [&hellip;]<\/p>\n","protected":false},"author":1,"featured_media":0,"parent":1217,"menu_order":1,"comment_status":"closed","ping_status":"closed","template":"","meta":{"footnotes":""},"class_list":["post-1356","page","type-page","status-publish","hentry"],"_links":{"self":[{"href":"https:\/\/annualreport.ejtn.eu\/fr\/wp-json\/wp\/v2\/pages\/1356","targetHints":{"allow":["GET"]}}],"collection":[{"href":"https:\/\/annualreport.ejtn.eu\/fr\/wp-json\/wp\/v2\/pages"}],"about":[{"href":"https:\/\/annualreport.ejtn.eu\/fr\/wp-json\/wp\/v2\/types\/page"}],"author":[{"embeddable":true,"href":"https:\/\/annualreport.ejtn.eu\/fr\/wp-json\/wp\/v2\/users\/1"}],"replies":[{"embeddable":true,"href":"https:\/\/annualreport.ejtn.eu\/fr\/wp-json\/wp\/v2\/comments?post=1356"}],"version-history":[{"count":17,"href":"https:\/\/annualreport.ejtn.eu\/fr\/wp-json\/wp\/v2\/pages\/1356\/revisions"}],"predecessor-version":[{"id":1806,"href":"https:\/\/annualreport.ejtn.eu\/fr\/wp-json\/wp\/v2\/pages\/1356\/revisions\/1806"}],"up":[{"embeddable":true,"href":"https:\/\/annualreport.ejtn.eu\/fr\/wp-json\/wp\/v2\/pages\/1217"}],"wp:attachment":[{"href":"https:\/\/annualreport.ejtn.eu\/fr\/wp-json\/wp\/v2\/media?parent=1356"}],"curies":[{"name":"wp","href":"https:\/\/api.w.org\/{rel}","templated":true}]}}