{"id":1416,"date":"2025-01-22T08:20:18","date_gmt":"2025-01-22T08:20:18","guid":{"rendered":"https:\/\/annualreport.ejtn.eu\/2024\/activites-2024\/digital-training-resources\/"},"modified":"2025-04-28T13:23:17","modified_gmt":"2025-04-28T13:23:17","slug":"formation-et-ressources-numeriques","status":"publish","type":"page","link":"https:\/\/annualreport.ejtn.eu\/fr\/2024\/activites-2024\/formation-et-ressources-numeriques\/","title":{"rendered":"Formation &amp; Ressources Num\u00e9riques"},"content":{"rendered":"\n<div class=\"wp-block-group ejtn--2024--page-header has-ocean-background-color has-background has-global-padding is-layout-constrained wp-block-group-is-layout-constrained\" style=\"padding-top:0;padding-bottom:0\">\n<div class=\"wp-block-cover is-light\" style=\"min-height:319px;aspect-ratio:unset;\"><img loading=\"lazy\" decoding=\"async\" width=\"2400\" height=\"374\" class=\"wp-block-cover__image-background wp-image-272\" alt=\"\" src=\"https:\/\/annualreport.ejtn.eu\/wp-content\/uploads\/2025\/01\/stars-bg.png\" style=\"object-position:0% 50%\" data-object-fit=\"cover\" data-object-position=\"0% 50%\" srcset=\"https:\/\/annualreport.ejtn.eu\/wp-content\/uploads\/2025\/01\/stars-bg.png 2400w, https:\/\/annualreport.ejtn.eu\/wp-content\/uploads\/2025\/01\/stars-bg-300x47.png 300w, https:\/\/annualreport.ejtn.eu\/wp-content\/uploads\/2025\/01\/stars-bg-1024x160.png 1024w, https:\/\/annualreport.ejtn.eu\/wp-content\/uploads\/2025\/01\/stars-bg-768x120.png 768w, https:\/\/annualreport.ejtn.eu\/wp-content\/uploads\/2025\/01\/stars-bg-1536x239.png 1536w, https:\/\/annualreport.ejtn.eu\/wp-content\/uploads\/2025\/01\/stars-bg-2048x319.png 2048w\" sizes=\"auto, (max-width: 2400px) 100vw, 2400px\" \/><span aria-hidden=\"true\" class=\"wp-block-cover__background has-white-background-color has-background-dim-0 has-background-dim\"><\/span><div class=\"wp-block-cover__inner-container has-global-padding is-layout-constrained wp-block-cover-is-layout-constrained\">\n<div class=\"wp-block-group container has-global-padding is-layout-constrained wp-block-group-is-layout-constrained\">\n<p class=\"has-white-color has-text-color has-link-color wp-elements-c5ca3a92d3711ed702bc805b043316e5\" style=\"padding-top:0;padding-bottom:0;font-size:18px\"><strong>Activit\u00e9s 2024<\/strong><\/p>\n\n\n\n<h1 class=\"wp-block-heading has-white-color has-text-color has-link-color wp-elements-3cce5b4cbec12e50a5b033127cb2ebf0\">Formation &amp; Ressources Num\u00e9riques<\/h1>\n<\/div>\n<\/div><\/div>\n<\/div>\n\n\n\n<div class=\"wp-block-group has-global-padding is-layout-constrained wp-block-group-is-layout-constrained\">\n<div class=\"wp-block-group has-global-padding is-layout-constrained wp-block-group-is-layout-constrained\">\n<div class=\"wp-block-group container has-global-padding is-layout-constrained wp-block-group-is-layout-constrained\">\n<div class=\"wp-block-columns is-layout-flex wp-container-core-columns-is-layout-28f84493 wp-block-columns-is-layout-flex\">\n<div class=\"wp-block-column is-layout-flow wp-block-column-is-layout-flow\" style=\"flex-basis:100%\">\n<p class=\"has-medium-font-size\" style=\"font-style:normal;font-weight:300\">Le REFJ propose une large vari\u00e9t\u00e9 de formats de formation, tels que des vid\u00e9os, des supports d\u2019apprentissage en ligne, des webinaires, notamment la s\u00e9rie pris\u00e9e de webinaires du midi, ainsi qu&#8217;une base de donn\u00e9es de m\u00e9thodologies et de ressources, l\u2019intranet du REFJ et bien plus encore.<\/p>\n<\/div>\n<\/div>\n<\/div>\n<\/div>\n<\/div>\n\n\n\n<div class=\"wp-block-group has-global-padding is-layout-constrained wp-block-group-is-layout-constrained\">\n<div class=\"wp-block-group container has-global-padding is-layout-constrained wp-block-group-is-layout-constrained\">\n<h2 class=\"wp-block-heading\">Lunchtime webinars<\/h2>\n<\/div>\n<\/div>\n\n\n\n<div class=\"wp-block-group has-global-padding is-layout-constrained wp-block-group-is-layout-constrained\">\n<div class=\"wp-block-group container has-global-padding is-layout-constrained wp-block-group-is-layout-constrained\">\n<div class=\"wp-block-columns is-layout-flex wp-container-core-columns-is-layout-28f84493 wp-block-columns-is-layout-flex\">\n<div class=\"wp-block-column is-layout-flow wp-block-column-is-layout-flow\" style=\"flex-basis:66.66%\">\n<h3 class=\"wp-block-heading\">Vue d\u2019ensemble&nbsp;&nbsp;<\/h3>\n\n\n\n<p>La s\u00e9rie de <a href=\"https:\/\/ejtn.eu\/fr\/activity\/les-webinaires-de-midi\/\">webinaires sur le temps du d\u00e9jeuner<\/a> est une initiative num\u00e9rique r\u00e9ussie visant \u00e0 sensibiliser les participants aux sujets cl\u00e9s li\u00e9s au droit de l\u2019Union europ\u00e9enne. Depuis sa cr\u00e9ation en 2020, ce projet est devenu une occasion pr\u00e9cieuse pour les praticiens de la justice \u00e0 travers l\u2019UE d\u2019\u00e9changer sur leurs exp\u00e9riences et leurs bonnes pratiques dans divers domaines. Ces webinaires courts suivent le format \u00ab 1 heure, 1 expert, 1 sujet \u00bb et ont lieu deux fois par mois. Les sujets couvrent plusieurs domaines du droit, notamment le droit administratif, civil et p\u00e9nal, les droits de l&#8217;homme et les libert\u00e9s fondamentales, la linguistique, les m\u00e9thodes de formation judiciaire, ainsi que des th\u00e8mes d\u2019actualit\u00e9 li\u00e9s \u00e0 la transformation num\u00e9rique de la justice. Chaque session est anim\u00e9e par un praticien ou un expert reconnu, suivie d\u2019une s\u00e9ance de questions-r\u00e9ponses avec les participants.<\/p>\n\n\n\n<h3 class=\"wp-block-heading\">R\u00e9alisations en 2024<\/h3>\n\n\n\n<p>En 2024, le REFJ a organis\u00e9 22 webinaires du midi, et a r\u00e9uni plus de 3 000 participants. Par rapport \u00e0 l\u2019ann\u00e9e 2023, le taux de participation a augment\u00e9 de 86,5 %. Les sujets abord\u00e9s en 2024 ont couvert des th\u00e8mes cruciaux li\u00e9s \u00e0 l\u2019avenir de la justice, tels que la reconnaissance de la manipulation en ligne, l\u2019utilisation de l\u2019intelligence artificielle dans la prise de d\u00e9cision judiciaire, l\u2019utilisation de ChatGPT dans la formation judiciaire et le langage juridique et l\u2019\u00e9thique. En novembre, une session consacr\u00e9e aux avantages et aux risques de l\u2019intelligence artificielle a rassembl\u00e9 plus de 200 participants en ligne, \u00e9tablissant un record absolu de participation active depuis le lancement de la s\u00e9rie.<\/p>\n<\/div>\n\n\n\n<div class=\"wp-block-column is-layout-flow wp-block-column-is-layout-flow\" style=\"flex-basis:33.33%\">\n<figure class=\"wp-block-pullquote\"><blockquote><p>\u201cEn 2024, le REFJ a organis\u00e9 22 webinaires sur le temps du d\u00e9jeuner, et a r\u00e9uni plus de 3 000 participants.\u201d<\/p><\/blockquote><\/figure>\n<\/div>\n<\/div>\n\n\n\n<figure class=\"wp-block-image size-large has-custom-border\"><img loading=\"lazy\" decoding=\"async\" width=\"1024\" height=\"768\" src=\"https:\/\/annualreport.ejtn.eu\/wp-content\/uploads\/2025\/02\/Lunchtime-Webinar-1024x768.jpeg\" alt=\"\" class=\"wp-image-847\" style=\"border-radius:10px\" srcset=\"https:\/\/annualreport.ejtn.eu\/wp-content\/uploads\/2025\/02\/Lunchtime-Webinar-1024x768.jpeg 1024w, https:\/\/annualreport.ejtn.eu\/wp-content\/uploads\/2025\/02\/Lunchtime-Webinar-300x225.jpeg 300w, https:\/\/annualreport.ejtn.eu\/wp-content\/uploads\/2025\/02\/Lunchtime-Webinar-768x576.jpeg 768w, https:\/\/annualreport.ejtn.eu\/wp-content\/uploads\/2025\/02\/Lunchtime-Webinar-1536x1152.jpeg 1536w, https:\/\/annualreport.ejtn.eu\/wp-content\/uploads\/2025\/02\/Lunchtime-Webinar-2048x1536.jpeg 2048w\" sizes=\"auto, (max-width: 1024px) 100vw, 1024px\" \/><\/figure>\n<\/div>\n<\/div>\n\n\n\n<div class=\"wp-block-group has-ocean-background-color has-background has-global-padding is-layout-constrained wp-block-group-is-layout-constrained\">\n<div class=\"wp-block-group container has-global-padding is-layout-constrained wp-block-group-is-layout-constrained\">\n<div class=\"wp-block-columns is-layout-flex wp-container-core-columns-is-layout-28f84493 wp-block-columns-is-layout-flex\">\n<div class=\"wp-block-column is-vertically-aligned-center is-layout-flow wp-block-column-is-layout-flow\">\n<h3 class=\"wp-block-heading has-white-color has-text-color has-link-color wp-elements-4d6f5bc17d7c2603124b7fd8d676a441\">Contenu connexe<\/h3>\n\n\n\n<ul class=\"wp-block-list\">\n<li class=\"has-white-color has-text-color has-link-color wp-elements-bb796a4318daaad0aed1d2030e76a294\"><a href=\"https:\/\/ejtn.eu\/exchanges\/\"><\/a><a href=\"https:\/\/ejtn.eu\/activity\/lunchtime-webinars\/\"><\/a><a href=\"https:\/\/ejtn.eu\/activity\/lunchtime-webinars\/\">Webinaires du midi en 2025<\/a><\/li>\n<\/ul>\n<\/div>\n\n\n\n<div class=\"wp-block-column is-vertically-aligned-center is-layout-flow wp-block-column-is-layout-flow\"><\/div>\n<\/div>\n<\/div>\n<\/div>\n\n\n\n<div class=\"wp-block-group has-mist-blue-background-color has-background has-global-padding is-layout-constrained wp-block-group-is-layout-constrained\">\n<div class=\"wp-block-group has-global-padding is-layout-constrained wp-block-group-is-layout-constrained\">\n<div class=\"wp-block-group container has-global-padding is-layout-constrained wp-block-group-is-layout-constrained\">\n<div class=\"wp-block-columns is-layout-flex wp-container-core-columns-is-layout-28f84493 wp-block-columns-is-layout-flex\">\n<div class=\"wp-block-column is-layout-flow wp-block-column-is-layout-flow\" style=\"flex-basis:66.66%\">\n<h2 class=\"wp-block-heading\" style=\"margin-top:var(--wp--preset--spacing--50);margin-right:0;margin-bottom:var(--wp--preset--spacing--50);margin-left:0\">Ressources num\u00e9riques<\/h2>\n\n\n\n<h3 class=\"wp-block-heading\">Overview<\/h3>\n\n\n\n<p>En 2024, deux ressources num\u00e9riques majeures ont \u00e9t\u00e9 lanc\u00e9es afin de renforcer la collaboration et le partage des connaissances entre le REFJ et&nbsp;ses principaux groupes de parties prenantes.<\/p>\n\n\n\n<p><strong>L\u2019Intranet du REFJ<\/strong>, h\u00e9berg\u00e9 sur SharePoint, centralise les documents essentiels, am\u00e9liore la communication entre les membres du REFJ et offre des espaces d\u00e9di\u00e9s pour le Comit\u00e9 de pilotage du REFJ, ainsi que les groupes de travail et sous-groupes de travail.<\/p>\n\n\n\n<p><strong>Le Digi Helpdesk du REFJ&nbsp;<\/strong>propose un service d\u2019assistance centralis\u00e9 par email \u00e0 destination des membres, membres associ\u00e9s et observateurs du REFJ. Ce service permet d\u2019obtenir un soutien et des conseils sur l\u2019utilisation des formats d\u2019apprentissage num\u00e9riques, des m\u00e9thodologies et des outils.<\/p>\n<\/div>\n\n\n\n<div class=\"wp-block-column is-layout-flow wp-block-column-is-layout-flow\" style=\"flex-basis:33.33%\"><\/div>\n<\/div>\n<\/div>\n<\/div>\n<\/div>\n\n\n\n<div style=\"height:2em\" aria-hidden=\"true\" class=\"wp-block-spacer\"><\/div>\n\n\n\n<div class=\"wp-block-group has-global-padding is-layout-constrained wp-block-group-is-layout-constrained\">\n<div class=\"wp-block-group container has-global-padding is-layout-constrained wp-block-group-is-layout-constrained\">\n<h2 class=\"wp-block-heading\">Publications&nbsp;&nbsp;<\/h2>\n<\/div>\n<\/div>\n\n\n\n<div class=\"wp-block-group has-global-padding is-layout-constrained wp-block-group-is-layout-constrained\">\n<div class=\"wp-block-group container has-global-padding is-layout-constrained wp-block-group-is-layout-constrained\">\n<div class=\"wp-block-columns is-layout-flex wp-container-core-columns-is-layout-28f84493 wp-block-columns-is-layout-flex\">\n<div class=\"wp-block-column is-layout-flow wp-block-column-is-layout-flow\" style=\"flex-basis:66.66%\">\n<h3 class=\"wp-block-heading\">Vue d\u2019ensemble<\/h3>\n\n\n\n<p>En 2024, le REFJ a publi\u00e9 plusieurs ouvrages cl\u00e9s constituant des ressources pr\u00e9cieuses pour les juges, les procureurs et le personnel judiciaire europ\u00e9ens. Ces publications, ainsi que celles pr\u00e9c\u00e9demment \u00e9dit\u00e9es par le REFJ, sont disponibles sur&nbsp;<a href=\"https:\/\/ejtn.eu\/fr\/publications\/\">le site web du REFJ<\/a>.&nbsp;&nbsp;<\/p>\n\n\n\n<div class=\"wp-block-group has-border-color has-azure-blue-border-color has-white-background-color has-background has-global-padding is-layout-constrained wp-container-core-group-is-layout-f611be13 wp-block-group-is-layout-constrained\" style=\"border-width:2px;border-radius:20px;padding-top:var(--wp--preset--spacing--50);padding-right:var(--wp--preset--spacing--50);padding-bottom:var(--wp--preset--spacing--50);padding-left:var(--wp--preset--spacing--50)\">\n<h3 class=\"wp-block-heading\">L\u2019\u00c9tat de droit et la bonne administration de la justice \u00e0 l\u2019\u00e8re num\u00e9rique<\/h3>\n\n\n\n<p>En juillet 2024, le REFJ a pr\u00e9sent\u00e9 une publication bilingue approfondie intitul\u00e9e&nbsp;<em>\u2018L\u2019\u00c9tat de droit et la bonne administration de la justice \u00e0 l\u2019\u00e8re num\u00e9rique\u2019,<\/em>&nbsp;\u00e9dit\u00e9e par Larcier Intersentia. Ce travail novateur est le fruit d\u2019une collaboration entre des juges, des experts et des institutions cl\u00e9s, ax\u00e9s sur l\u2019\u00c9tat de droit dans l\u2019Union europ\u00e9enne, et s\u2019appuie sur les contributions de la deuxi\u00e8me \u00e9dition du Forum Judges@Europe.<\/p>\n\n\n\n<p>La publication aborde les d\u00e9fis contemporains li\u00e9s \u00e0 l\u2019administration de la justice et \u00e0 l\u2019exigence croissante de responsabilit\u00e9 judiciaire \u00e0 l\u2019\u00e8re num\u00e9rique, en examinant ces questions sous trois angles compl\u00e9mentaires : la responsabilit\u00e9 disciplinaire, la performance num\u00e9rique et la transparence.&nbsp;&nbsp;<\/p>\n\n\n\n<figure class=\"wp-block-image size-large has-custom-border\"><img loading=\"lazy\" decoding=\"async\" width=\"1024\" height=\"683\" src=\"https:\/\/annualreport.ejtn.eu\/wp-content\/uploads\/2025\/03\/JudgesAtEurope-Rule-of-Law-publication-1024x683.jpg\" alt=\"&quot;The Rule of Law and Good Administration of Justice in the Digital Era&quot; book \" class=\"wp-image-1388\" style=\"border-radius:10px\" srcset=\"https:\/\/annualreport.ejtn.eu\/wp-content\/uploads\/2025\/03\/JudgesAtEurope-Rule-of-Law-publication-1024x683.jpg 1024w, https:\/\/annualreport.ejtn.eu\/wp-content\/uploads\/2025\/03\/JudgesAtEurope-Rule-of-Law-publication-300x200.jpg 300w, https:\/\/annualreport.ejtn.eu\/wp-content\/uploads\/2025\/03\/JudgesAtEurope-Rule-of-Law-publication-768x512.jpg 768w, https:\/\/annualreport.ejtn.eu\/wp-content\/uploads\/2025\/03\/JudgesAtEurope-Rule-of-Law-publication-1536x1024.jpg 1536w, https:\/\/annualreport.ejtn.eu\/wp-content\/uploads\/2025\/03\/JudgesAtEurope-Rule-of-Law-publication.jpg 1920w\" sizes=\"auto, (max-width: 1024px) 100vw, 1024px\" \/><\/figure>\n\n\n\n<div class=\"wp-block-buttons is-layout-flex wp-block-buttons-is-layout-flex\">\n<div class=\"wp-block-button\"><a class=\"wp-block-button__link wp-element-button\" href=\"https:\/\/ejtn.eu\/wp-content\/uploads\/2024\/07\/EJTN-Publication-The-Rule-of-Law-and-the-Good-Administration-of-Justice-in-the-Digital-Era.pdf\">Acc\u00e9der \u00e0 la publication ici<\/a><\/div>\n<\/div>\n<\/div>\n\n\n\n<div class=\"wp-block-group has-border-color has-white-background-color has-background has-global-padding is-layout-constrained wp-container-core-group-is-layout-f611be13 wp-block-group-is-layout-constrained\" style=\"border-color:#114467;border-width:2px;border-radius:20px;padding-top:var(--wp--preset--spacing--50);padding-right:var(--wp--preset--spacing--50);padding-bottom:var(--wp--preset--spacing--50);padding-left:var(--wp--preset--spacing--50)\">\n<h3 class=\"wp-block-heading\">Manuel linguistique du REFJ en langue espagnole pour la coop\u00e9ration judiciaire europ\u00e9enne en mati\u00e8re civile<\/h3>\n\n\n\n<p>Le manuel linguistique du REFJ en langue espagnole pour la coop\u00e9ration judiciaire europ\u00e9enne en mati\u00e8re civile du REFJ, publi\u00e9 en d\u00e9cembre 2024, combine des connaissances juridiques avec des exercices linguistiques pour aider les juges, les procureurs et le personnel judiciaire \u00e0 ma\u00eetriser la terminologie civile et \u00e0 am\u00e9liorer la communication transfrontali\u00e8re. Ce manuel soutient l\u2019approche d\u2019apprentissage mixte du REFJ, combinant s\u00e9minaires, outils en ligne et ressources num\u00e9riques.<\/p>\n\n\n\n<div class=\"wp-block-buttons is-layout-flex wp-block-buttons-is-layout-flex\">\n<div class=\"wp-block-button\"><a class=\"wp-block-button__link wp-element-button\" href=\"https:\/\/ejtn.eu\/wp-content\/uploads\/2024\/12\/The-EJTN-Linguistic-Handbook-Spanish-for-European-Judicial-Cooperation-in-Civil-Matters.pdf\">Acc\u00e9der au manuel ici&nbsp;&nbsp;<\/a><\/div>\n<\/div>\n<\/div>\n\n\n\n<div class=\"wp-block-group has-border-color has-white-background-color has-background has-global-padding is-layout-constrained wp-container-core-group-is-layout-f611be13 wp-block-group-is-layout-constrained\" style=\"border-color:#114467;border-width:2px;border-radius:20px;padding-top:var(--wp--preset--spacing--50);padding-right:var(--wp--preset--spacing--50);padding-bottom:var(--wp--preset--spacing--50);padding-left:var(--wp--preset--spacing--50)\">\n<h3 class=\"wp-block-heading\">Catalogue des activit\u00e9s de formation du REFJ 2025<\/h3>\n\n\n\n<p>Le catalogue 2025, lanc\u00e9 en novembre 2024 sous un format enti\u00e8rement num\u00e9rique, propose une s\u00e9lection vari\u00e9e de formations adapt\u00e9es \u00e0 diff\u00e9rents styles et besoins d\u2019apprentissage. Il t\u00e9moigne de l\u2019engagement du REFJ envers l\u2019excellence et de ses d\u00e9cennies d\u2019expertise en formation judiciaire.&nbsp;&nbsp;<\/p>\n\n\n\n<div class=\"wp-block-buttons is-layout-flex wp-block-buttons-is-layout-flex\">\n<div class=\"wp-block-button\"><a class=\"wp-block-button__link wp-element-button\" href=\"https:\/\/ejtn.eu\/wp-content\/uploads\/2024\/11\/EJTN-2025-Training-Catalogue.pdf\">Acc\u00e9der au catalogue des activit\u00e9s de formation 2025&nbsp;<\/a><\/div>\n<\/div>\n<\/div>\n<\/div>\n\n\n\n<div class=\"wp-block-column is-layout-flow wp-block-column-is-layout-flow\" style=\"flex-basis:33.33%\"><\/div>\n<\/div>\n<\/div>\n<\/div>\n\n\n\n<div class=\"wp-block-group has-mist-blue-background-color has-background has-global-padding is-layout-constrained wp-block-group-is-layout-constrained\">\n<div class=\"wp-block-group has-global-padding is-layout-constrained wp-block-group-is-layout-constrained\">\n<div class=\"wp-block-group container has-global-padding is-layout-constrained wp-block-group-is-layout-constrained\">\n<div class=\"wp-block-columns is-layout-flex wp-container-core-columns-is-layout-28f84493 wp-block-columns-is-layout-flex\">\n<div class=\"wp-block-column is-layout-flow wp-block-column-is-layout-flow\" style=\"flex-basis:66.66%\">\n<h2 class=\"wp-block-heading\" style=\"margin-top:var(--wp--preset--spacing--50);margin-right:0;margin-bottom:var(--wp--preset--spacing--50);margin-left:0\">Activit\u00e9s de communication<\/h2>\n\n\n\n<p>En 2024, le REFJ a renforc\u00e9 la coh\u00e9rence et la r\u00e9gularit\u00e9 de ses communications sur les r\u00e9seaux sociaux, mis en place une charte graphique d\u00e9taill\u00e9e ainsi qu\u2019une strat\u00e9gie de communication et de marketing adapt\u00e9e pour 2024-2027, et lanc\u00e9 la newsletter mensuelle du REFJ.&nbsp;&nbsp;<\/p>\n\n\n\n<h3 class=\"wp-block-heading\">La newsletter du REFJ&nbsp;&nbsp;<\/h3>\n\n\n\n<p>Lanc\u00e9e en septembre 2024, la newsletter du REFJ facilite le flux d&#8217;informations entre le Secr\u00e9tariat du REFJ et les membres, membres associ\u00e9s et observateurs. Elle regroupe les mises \u00e0 jour essentielles du REFJ ainsi que des actualit\u00e9s provenant des organisations membres et des partenaires, devenant ainsi l\u2019un des \u00e9l\u00e9ments cl\u00e9s de nos activit\u00e9s de communication.&nbsp;&nbsp;<\/p>\n\n\n\n<h3 class=\"wp-block-heading\">Les r\u00e9seaux sociaux du REFJ &nbsp;<\/h3>\n\n\n\n<p>Tout au long de l\u2019ann\u00e9e 2024, le REFJ a consid\u00e9rablement renforc\u00e9 sa pr\u00e9sence sur les r\u00e9seaux sociaux en augmentant la fr\u00e9quence des publications et en introduisant de nouveaux types de contenu, tels que des vid\u00e9os, sur LinkedIn, Instagram et Facebook. Le nombre de followers sur LinkedIn a progress\u00e9 de plus de 38% au cours de l&#8217;ann\u00e9e, une r\u00e9ussite remarquable qui renforce la visibilit\u00e9 globale du REFJ.&nbsp;&nbsp;<\/p>\n\n\n\n<div class=\"wp-block-columns is-layout-flex wp-container-core-columns-is-layout-28f84493 wp-block-columns-is-layout-flex\">\n<div class=\"wp-block-column is-layout-flow wp-block-column-is-layout-flow\">\n<div class=\"wp-block-buttons is-layout-flex wp-block-buttons-is-layout-flex\">\n<div class=\"wp-block-button\"><a class=\"wp-block-button__link wp-element-button\" href=\"https:\/\/www.linkedin.com\/company\/ejtn\/\">Suivez le REFJ sur LinkedIn&nbsp;&nbsp;<\/a><\/div>\n<\/div>\n<\/div>\n\n\n\n<div class=\"wp-block-column is-layout-flow wp-block-column-is-layout-flow\">\n<div class=\"wp-block-buttons is-layout-flex wp-block-buttons-is-layout-flex\">\n<div class=\"wp-block-button\"><a class=\"wp-block-button__link wp-element-button\" href=\"https:\/\/www.instagram.com\/ejtn_eu\/\">Suivez le REFJ sur Instagram&nbsp;&nbsp;<\/a><\/div>\n<\/div>\n<\/div>\n\n\n\n<div class=\"wp-block-column is-layout-flow wp-block-column-is-layout-flow\">\n<div class=\"wp-block-buttons is-layout-flex wp-block-buttons-is-layout-flex\">\n<div class=\"wp-block-button\"><a class=\"wp-block-button__link wp-element-button\" href=\"https:\/\/www.facebook.com\/EJTN.eu\/\">Suivez le REFJ sur Facebook&nbsp;<\/a><\/div>\n<\/div>\n<\/div>\n<\/div>\n<\/div>\n\n\n\n<div class=\"wp-block-column is-layout-flow wp-block-column-is-layout-flow\" style=\"flex-basis:33.33%\"><\/div>\n<\/div>\n\n\n\n<figure class=\"wp-block-image size-large has-custom-border\"><a href=\"https:\/\/annualreport.ejtn.eu\/wp-content\/uploads\/2025\/03\/Annual-Report-Communications-visual.png\"><img loading=\"lazy\" decoding=\"async\" width=\"1024\" height=\"576\" src=\"https:\/\/annualreport.ejtn.eu\/wp-content\/uploads\/2025\/03\/Annual-Report-Communications-visual-1024x576.png\" alt=\"\" class=\"wp-image-1491\" style=\"border-radius:10px\" srcset=\"https:\/\/annualreport.ejtn.eu\/wp-content\/uploads\/2025\/03\/Annual-Report-Communications-visual-1024x576.png 1024w, https:\/\/annualreport.ejtn.eu\/wp-content\/uploads\/2025\/03\/Annual-Report-Communications-visual-300x169.png 300w, https:\/\/annualreport.ejtn.eu\/wp-content\/uploads\/2025\/03\/Annual-Report-Communications-visual-768x432.png 768w, https:\/\/annualreport.ejtn.eu\/wp-content\/uploads\/2025\/03\/Annual-Report-Communications-visual-1536x864.png 1536w, https:\/\/annualreport.ejtn.eu\/wp-content\/uploads\/2025\/03\/Annual-Report-Communications-visual.png 1920w\" sizes=\"auto, (max-width: 1024px) 100vw, 1024px\" \/><\/a><\/figure>\n<\/div>\n\n\n\n<p><\/p>\n<\/div>\n<\/div>\n","protected":false},"excerpt":{"rendered":"<p>Le REFJ propose une large vari\u00e9t\u00e9 de formats de formation, tels que des vid\u00e9os, des supports d\u2019apprentissage en ligne, des webinaires, notamment la s\u00e9rie pris\u00e9e de webinaires du midi, ainsi qu&#8217;une base de donn\u00e9es de m\u00e9thodologies et de ressources, l\u2019intranet du REFJ et bien plus encore. Lunchtime webinars Vue d\u2019ensemble&nbsp;&nbsp; La s\u00e9rie de webinaires sur [&hellip;]<\/p>\n","protected":false},"author":1,"featured_media":0,"parent":1217,"menu_order":4,"comment_status":"closed","ping_status":"closed","template":"","meta":{"footnotes":""},"class_list":["post-1416","page","type-page","status-publish","hentry"],"_links":{"self":[{"href":"https:\/\/annualreport.ejtn.eu\/fr\/wp-json\/wp\/v2\/pages\/1416","targetHints":{"allow":["GET"]}}],"collection":[{"href":"https:\/\/annualreport.ejtn.eu\/fr\/wp-json\/wp\/v2\/pages"}],"about":[{"href":"https:\/\/annualreport.ejtn.eu\/fr\/wp-json\/wp\/v2\/types\/page"}],"author":[{"embeddable":true,"href":"https:\/\/annualreport.ejtn.eu\/fr\/wp-json\/wp\/v2\/users\/1"}],"replies":[{"embeddable":true,"href":"https:\/\/annualreport.ejtn.eu\/fr\/wp-json\/wp\/v2\/comments?post=1416"}],"version-history":[{"count":15,"href":"https:\/\/annualreport.ejtn.eu\/fr\/wp-json\/wp\/v2\/pages\/1416\/revisions"}],"predecessor-version":[{"id":1775,"href":"https:\/\/annualreport.ejtn.eu\/fr\/wp-json\/wp\/v2\/pages\/1416\/revisions\/1775"}],"up":[{"embeddable":true,"href":"https:\/\/annualreport.ejtn.eu\/fr\/wp-json\/wp\/v2\/pages\/1217"}],"wp:attachment":[{"href":"https:\/\/annualreport.ejtn.eu\/fr\/wp-json\/wp\/v2\/media?parent=1416"}],"curies":[{"name":"wp","href":"https:\/\/api.w.org\/{rel}","templated":true}]}}