{"id":2791,"date":"2026-02-26T11:01:21","date_gmt":"2026-02-26T11:01:21","guid":{"rendered":"https:\/\/annualreport.ejtn.eu\/2025-2\/key-figures\/"},"modified":"2026-05-12T06:23:50","modified_gmt":"2026-05-12T06:23:50","slug":"key-figures","status":"publish","type":"page","link":"https:\/\/annualreport.ejtn.eu\/fr\/2025\/key-figures\/","title":{"rendered":"Chiffres cl\u00e9s 2025"},"content":{"rendered":"\n<div class=\"wp-block-group has-azure-blue-background-color has-background has-global-padding is-layout-constrained wp-block-group-is-layout-constrained\" style=\"padding-top:0;padding-bottom:0\">\n<div class=\"wp-block-cover\"><img loading=\"lazy\" decoding=\"async\" width=\"1919\" height=\"599\" class=\"wp-block-cover__image-background wp-image-2655 size-full\" alt=\"\" src=\"https:\/\/annualreport.ejtn.eu\/wp-content\/uploads\/2026\/04\/key-figures.webp\" style=\"object-position:0% 0%\" data-object-fit=\"cover\" data-object-position=\"0% 0%\" srcset=\"https:\/\/annualreport.ejtn.eu\/wp-content\/uploads\/2026\/04\/key-figures.webp 1919w, https:\/\/annualreport.ejtn.eu\/wp-content\/uploads\/2026\/04\/key-figures-300x94.webp 300w, https:\/\/annualreport.ejtn.eu\/wp-content\/uploads\/2026\/04\/key-figures-1024x320.webp 1024w, https:\/\/annualreport.ejtn.eu\/wp-content\/uploads\/2026\/04\/key-figures-768x240.webp 768w, https:\/\/annualreport.ejtn.eu\/wp-content\/uploads\/2026\/04\/key-figures-1536x479.webp 1536w\" sizes=\"auto, (max-width: 1919px) 100vw, 1919px\" \/><span aria-hidden=\"true\" class=\"wp-block-cover__background has-background-dim-0 has-background-dim\" style=\"background-color:#5b86ba\"><\/span><div class=\"wp-block-cover__inner-container has-global-padding is-layout-constrained wp-block-cover-is-layout-constrained\">\n<div class=\"wp-block-group container has-global-padding is-layout-constrained wp-block-group-is-layout-constrained\">\n<h1 class=\"wp-block-heading has-white-color has-text-color has-link-color wp-elements-3c42adad1e1164ec097cb0d4ec2cc86f\">Chiffres cl\u00e9s<\/h1>\n\n\n\n<div class=\"wp-block-columns is-layout-flex wp-container-core-columns-is-layout-28f84493 wp-block-columns-is-layout-flex\">\n<div class=\"wp-block-column is-layout-flow wp-block-column-is-layout-flow\" style=\"flex-basis:70%\">\n<p class=\"has-medium-font-size\" style=\"font-style:normal;font-weight:300\">Tout au long de cette ann\u00e9e sp\u00e9ciale marquant le 25\u1d49 anniversaire, le REFJ a continu\u00e9 \u00e0 proposer des activit\u00e9s de formation judiciaire de haute qualit\u00e9. Celles-ci comprenaient des s\u00e9minaires, des formations en ligne, des formations num\u00e9riques, des visites d\u2019\u00e9tude, des p\u00e9riodes de formation de longue dur\u00e9e, des \u00e9changes, et bien plus encore.<\/p>\n\n\n\n<p class=\"has-medium-font-size\" style=\"font-style:normal;font-weight:300\">Gr\u00e2ce \u00e0 cette offre de formation hautement sp\u00e9cialis\u00e9e, adapt\u00e9e aux besoins des praticiens de la justice en Europe, le REFJ a touch\u00e9 un large \u00e9ventail de participants provenant de l\u2019ensemble de l\u2019UE. Vous trouverez ci-dessous quelques chiffres cl\u00e9s pour l\u2019ann\u00e9e 2025.<\/p>\n<\/div>\n<\/div>\n<\/div>\n<\/div><\/div>\n<\/div>\n\n\n\n<div class=\"wp-block-group has-global-padding is-layout-constrained wp-block-group-is-layout-constrained\">\n<div class=\"wp-block-group container has-global-padding is-layout-constrained wp-block-group-is-layout-constrained\">\n<div class=\"wp-block-columns is-layout-flex wp-container-core-columns-is-layout-28f84493 wp-block-columns-is-layout-flex\">\n<div class=\"wp-block-column is-layout-flow wp-block-column-is-layout-flow\" style=\"flex-basis:100%\">\n<p>&nbsp;<\/p>\n<\/div>\n<\/div>\n\n\n\n<div class=\"wp-block-columns is-layout-flex wp-container-core-columns-is-layout-28f84493 wp-block-columns-is-layout-flex\">\n<div class=\"wp-block-column p-0 is-layout-flow wp-block-column-is-layout-flow\" style=\"padding-top:var(--wp--preset--spacing--40);padding-right:var(--wp--preset--spacing--40);padding-bottom:var(--wp--preset--spacing--40);padding-left:var(--wp--preset--spacing--40)\">\n<div class=\"wp-block-group has-azure-blue-background-color has-background has-global-padding is-layout-constrained wp-container-core-group-is-layout-19e250f3 wp-block-group-is-layout-constrained\" style=\"border-radius:15px\">\n<p class=\"has-text-align-center mt-0 has-white-color has-text-color has-link-color has-xx-large-font-size wp-elements-c9539c2b65160620d6943e0a6bf2f1fd\"><strong>13 915<\/strong><\/p>\n\n\n\n<p class=\"has-text-align-center mt-0 has-white-color has-text-color has-link-color wp-elements-4c3e716d161dddaafb34fe85fed65016\"><strong>participants toutes activit\u00e9s confondues<\/strong><\/p>\n<\/div>\n<\/div>\n\n\n\n<div class=\"wp-block-column p-0 is-layout-flow wp-block-column-is-layout-flow\" style=\"padding-top:var(--wp--preset--spacing--40);padding-right:var(--wp--preset--spacing--40);padding-bottom:var(--wp--preset--spacing--40);padding-left:var(--wp--preset--spacing--40)\">\n<div class=\"wp-block-group has-azure-blue-background-color has-background has-global-padding is-layout-constrained wp-container-core-group-is-layout-19e250f3 wp-block-group-is-layout-constrained\" style=\"border-radius:15px\">\n<p class=\"has-text-align-center mt-0 has-white-color has-text-color has-link-color has-xx-large-font-size wp-elements-f1cf633dc32df9c9f8738a30dc7cd504\"><strong>947<\/strong><\/p>\n\n\n\n<p class=\"has-text-align-center mt-0 has-white-color has-text-color has-link-color wp-elements-62cc6ba29ca1ba8a00ff1b149a62bc7e\"><strong>activit\u00e9s organis\u00e9es<\/strong><\/p>\n<\/div>\n<\/div>\n\n\n\n<div class=\"wp-block-column p-0 is-layout-flow wp-block-column-is-layout-flow\" style=\"padding-top:var(--wp--preset--spacing--40);padding-right:var(--wp--preset--spacing--40);padding-bottom:var(--wp--preset--spacing--40);padding-left:var(--wp--preset--spacing--40)\">\n<div class=\"wp-block-group has-azure-blue-background-color has-background has-global-padding is-layout-constrained wp-container-core-group-is-layout-19e250f3 wp-block-group-is-layout-constrained\" style=\"border-radius:15px\">\n<p class=\"has-text-align-center mt-0 has-white-color has-text-color has-link-color has-xx-large-font-size wp-elements-b72b30a2d15ccd88b223d5240a806acb\"><strong>38 452<\/strong><\/p>\n\n\n\n<p class=\"has-text-align-center mt-0 has-white-color has-text-color has-link-color wp-elements-1507c487dffafe249d01e6271f5dc555\"><strong>jours de formation individuelle<\/strong><\/p>\n<\/div>\n<\/div>\n<\/div>\n\n\n\n<div class=\"wp-block-group hide-desktop has-global-padding is-layout-constrained wp-block-group-is-layout-constrained\">\n<figure class=\"wp-block-image size-full\"><img loading=\"lazy\" decoding=\"async\" width=\"844\" height=\"384\" src=\"https:\/\/annualreport.ejtn.eu\/wp-content\/uploads\/2026\/05\/chart-1_French_updated.jpg\" alt=\"\" class=\"wp-image-3046\" srcset=\"https:\/\/annualreport.ejtn.eu\/wp-content\/uploads\/2026\/05\/chart-1_French_updated.jpg 844w, https:\/\/annualreport.ejtn.eu\/wp-content\/uploads\/2026\/05\/chart-1_French_updated-300x136.jpg 300w, https:\/\/annualreport.ejtn.eu\/wp-content\/uploads\/2026\/05\/chart-1_French_updated-768x349.jpg 768w\" sizes=\"auto, (max-width: 844px) 100vw, 844px\" \/><\/figure>\n<\/div>\n\n\n\n<div class=\"wp-block-group hide-mobile has-border-color has-azure-blue-border-color has-global-padding is-layout-constrained wp-container-core-group-is-layout-06bdb20d wp-block-group-is-layout-constrained\" style=\"border-width:2px;border-radius:20px;padding-top:var(--wp--preset--spacing--50);padding-right:var(--wp--preset--spacing--50);padding-bottom:0;padding-left:var(--wp--preset--spacing--50)\">\n<h4 class=\"wp-block-heading has-text-align-center\">Participants aux \u00e9changes, visites d\u2019\u00e9tude et autres programmes du REFJ en 2025<\/h4>\n\n\n\n<div class=\"wp-block-group has-global-padding is-layout-constrained wp-block-group-is-layout-constrained\"><div class='ays-chart-container-google ays-chart-container-27' id='ays-chart-container6a032d74d676e' data-id='6a032d74d676e'><div class='ays-chart-header-container'><\/div><div class='ays-chart-charts-main-container ays-chart-charts-main-container6a032d74d676e' id=ays-chart-column_chart6a032d74d676e data-type='column_chart'><\/div><div class='ays-chart-actions-container'><div class='ays-chart-export-buttons' data-id='27'><\/div><\/div><\/div>\n<\/div>\n<\/div>\n\n\n\n<div class=\"wp-block-group hide-desktop has-global-padding is-layout-constrained wp-block-group-is-layout-constrained\">\n<figure class=\"wp-block-image size-full\"><img loading=\"lazy\" decoding=\"async\" width=\"844\" height=\"450\" src=\"https:\/\/annualreport.ejtn.eu\/wp-content\/uploads\/2026\/05\/chart-2_French_updated.jpg\" alt=\"\" class=\"wp-image-3048\" srcset=\"https:\/\/annualreport.ejtn.eu\/wp-content\/uploads\/2026\/05\/chart-2_French_updated.jpg 844w, https:\/\/annualreport.ejtn.eu\/wp-content\/uploads\/2026\/05\/chart-2_French_updated-300x160.jpg 300w, https:\/\/annualreport.ejtn.eu\/wp-content\/uploads\/2026\/05\/chart-2_French_updated-768x409.jpg 768w\" sizes=\"auto, (max-width: 844px) 100vw, 844px\" \/><\/figure>\n<\/div>\n\n\n\n<div class=\"wp-block-group hide-mobile has-border-color has-azure-blue-border-color has-global-padding is-layout-constrained wp-container-core-group-is-layout-06bdb20d wp-block-group-is-layout-constrained\" style=\"border-width:2px;border-radius:20px;padding-top:var(--wp--preset--spacing--50);padding-right:var(--wp--preset--spacing--50);padding-bottom:0;padding-left:var(--wp--preset--spacing--50)\">\n<h4 class=\"wp-block-heading has-text-align-center\">Participants aux actions de formation du REFJ, aux webinaires et aux activit\u00e9s des catalogues en 2025&nbsp;<\/h4>\n\n\n\n<div class=\"wp-block-group mb-2 has-global-padding is-layout-constrained wp-block-group-is-layout-constrained\"><div class='ays-chart-container-google ays-chart-container-28' id='ays-chart-container6a032d74d6d16' data-id='6a032d74d6d16'><div class='ays-chart-header-container'><\/div><div class='ays-chart-charts-main-container ays-chart-charts-main-container6a032d74d6d16' id=ays-chart-column_chart6a032d74d6d16 data-type='column_chart'><\/div><div class='ays-chart-actions-container'><div class='ays-chart-export-buttons' data-id='28'><\/div><\/div><\/div>\n<\/div>\n<\/div>\n\n\n\n<div class=\"wp-block-group hide-desktop has-global-padding is-layout-constrained wp-block-group-is-layout-constrained\">\n<figure class=\"wp-block-image size-full\"><img loading=\"lazy\" decoding=\"async\" width=\"844\" height=\"266\" src=\"https:\/\/annualreport.ejtn.eu\/wp-content\/uploads\/2026\/05\/chart-3_French_updated.jpg\" alt=\"\" class=\"wp-image-3050\" srcset=\"https:\/\/annualreport.ejtn.eu\/wp-content\/uploads\/2026\/05\/chart-3_French_updated.jpg 844w, https:\/\/annualreport.ejtn.eu\/wp-content\/uploads\/2026\/05\/chart-3_French_updated-300x95.jpg 300w, https:\/\/annualreport.ejtn.eu\/wp-content\/uploads\/2026\/05\/chart-3_French_updated-768x242.jpg 768w\" sizes=\"auto, (max-width: 844px) 100vw, 844px\" \/><\/figure>\n<\/div>\n\n\n\n<div class=\"wp-block-group hide-mobile has-border-color has-azure-blue-border-color has-global-padding is-layout-constrained wp-container-core-group-is-layout-06bdb20d wp-block-group-is-layout-constrained\" style=\"border-width:2px;border-radius:20px;padding-top:var(--wp--preset--spacing--50);padding-right:var(--wp--preset--spacing--50);padding-bottom:0;padding-left:var(--wp--preset--spacing--50)\">\n<h4 class=\"wp-block-heading has-text-align-center\">Nombre de participants pour les formations 2025 en ligne et en pr\u00e9sentiel<\/h4>\n\n\n\n<div class=\"wp-block-group mb-2 has-global-padding is-layout-constrained wp-block-group-is-layout-constrained\"><div class='ays-chart-container-google ays-chart-container-29' id='ays-chart-container6a032d74d727e' data-id='6a032d74d727e'><div class='ays-chart-header-container'><\/div><div class='ays-chart-charts-main-container ays-chart-charts-main-container6a032d74d727e' id=ays-chart-bar_chart6a032d74d727e data-type='bar_chart'><\/div><div class='ays-chart-actions-container'><div class='ays-chart-export-buttons' data-id='29'><\/div><\/div><\/div>\n<\/div>\n<\/div>\n\n\n\n<div class=\"wp-block-group hide-desktop has-global-padding is-layout-constrained wp-block-group-is-layout-constrained\">\n<figure class=\"wp-block-image size-full\"><img loading=\"lazy\" decoding=\"async\" width=\"844\" height=\"266\" src=\"https:\/\/annualreport.ejtn.eu\/wp-content\/uploads\/2026\/05\/chart-4_French_updated.jpg\" alt=\"\" class=\"wp-image-3052\" srcset=\"https:\/\/annualreport.ejtn.eu\/wp-content\/uploads\/2026\/05\/chart-4_French_updated.jpg 844w, https:\/\/annualreport.ejtn.eu\/wp-content\/uploads\/2026\/05\/chart-4_French_updated-300x95.jpg 300w, https:\/\/annualreport.ejtn.eu\/wp-content\/uploads\/2026\/05\/chart-4_French_updated-768x242.jpg 768w\" sizes=\"auto, (max-width: 844px) 100vw, 844px\" \/><\/figure>\n<\/div>\n\n\n\n<div class=\"wp-block-group hide-mobile has-border-color has-azure-blue-border-color has-global-padding is-layout-constrained wp-container-core-group-is-layout-06bdb20d wp-block-group-is-layout-constrained\" style=\"border-width:2px;border-radius:20px;padding-top:var(--wp--preset--spacing--50);padding-right:var(--wp--preset--spacing--50);padding-bottom:0;padding-left:var(--wp--preset--spacing--50)\">\n<h4 class=\"wp-block-heading has-text-align-center\">Nombre de jours de formation offerts par le REFJ 2024-2025<\/h4>\n\n\n\n<div class=\"wp-block-group mb-2 has-global-padding is-layout-constrained wp-block-group-is-layout-constrained\"><div class='ays-chart-container-google ays-chart-container-30' id='ays-chart-container6a032d74d77f9' data-id='6a032d74d77f9'><div class='ays-chart-header-container'><\/div><div class='ays-chart-charts-main-container ays-chart-charts-main-container6a032d74d77f9' id=ays-chart-bar_chart6a032d74d77f9 data-type='bar_chart'><\/div><div class='ays-chart-actions-container'><div class='ays-chart-export-buttons' data-id='30'><\/div><\/div><\/div>\n<\/div>\n<\/div>\n\n\n\n<div class=\"wp-block-group hide-desktop has-global-padding is-layout-constrained wp-block-group-is-layout-constrained\">\n<figure class=\"wp-block-image size-full\"><img loading=\"lazy\" decoding=\"async\" width=\"844\" height=\"354\" src=\"https:\/\/annualreport.ejtn.eu\/wp-content\/uploads\/2026\/05\/chart-5_French_updated.jpg\" alt=\"\" class=\"wp-image-3054\" srcset=\"https:\/\/annualreport.ejtn.eu\/wp-content\/uploads\/2026\/05\/chart-5_French_updated.jpg 844w, https:\/\/annualreport.ejtn.eu\/wp-content\/uploads\/2026\/05\/chart-5_French_updated-300x126.jpg 300w, https:\/\/annualreport.ejtn.eu\/wp-content\/uploads\/2026\/05\/chart-5_French_updated-768x322.jpg 768w\" sizes=\"auto, (max-width: 844px) 100vw, 844px\" \/><\/figure>\n<\/div>\n\n\n\n<div class=\"wp-block-group hide-mobile has-border-color has-azure-blue-border-color has-global-padding is-layout-constrained wp-container-core-group-is-layout-06bdb20d wp-block-group-is-layout-constrained\" style=\"border-width:2px;border-radius:20px;padding-top:var(--wp--preset--spacing--50);padding-right:var(--wp--preset--spacing--50);padding-bottom:0;padding-left:var(--wp--preset--spacing--50)\">\n<h4 class=\"wp-block-heading has-text-align-center\">Nombre de jours de formation offerts par le REFJ 2006-2025<\/h4>\n\n\n\n<div class=\"wp-block-group mb-2 has-global-padding is-layout-constrained wp-block-group-is-layout-constrained\"><div class='ays-chart-container-google ays-chart-container-31' id='ays-chart-container6a032d74d7dbb' data-id='6a032d74d7dbb'><div class='ays-chart-header-container'><\/div><div class='ays-chart-charts-main-container ays-chart-charts-main-container6a032d74d7dbb' id=ays-chart-line_chart6a032d74d7dbb data-type='line_chart'><\/div><div class='ays-chart-actions-container'><div class='ays-chart-export-buttons' data-id='31'><\/div><\/div><\/div>\n<\/div>\n<\/div>\n\n\n\n<div class=\"wp-block-group has-global-padding is-layout-constrained wp-block-group-is-layout-constrained\">\n<figure class=\"wp-block-image size-full hide-desktop img-fluid\"><img loading=\"lazy\" decoding=\"async\" width=\"407\" height=\"344\" src=\"https:\/\/annualreport.ejtn.eu\/wp-content\/uploads\/2026\/05\/chart_6_French.jpg\" alt=\"\" class=\"wp-image-3017\" style=\"object-fit:cover\" srcset=\"https:\/\/annualreport.ejtn.eu\/wp-content\/uploads\/2026\/05\/chart_6_French.jpg 407w, https:\/\/annualreport.ejtn.eu\/wp-content\/uploads\/2026\/05\/chart_6_French-300x254.jpg 300w\" sizes=\"auto, (max-width: 407px) 100vw, 407px\" \/><\/figure>\n\n\n\n<figure class=\"wp-block-image size-full hide-desktop img-fluid\"><img loading=\"lazy\" decoding=\"async\" width=\"407\" height=\"344\" src=\"https:\/\/annualreport.ejtn.eu\/wp-content\/uploads\/2026\/05\/chart_7_French.jpg\" alt=\"\" class=\"wp-image-3019\" srcset=\"https:\/\/annualreport.ejtn.eu\/wp-content\/uploads\/2026\/05\/chart_7_French.jpg 407w, https:\/\/annualreport.ejtn.eu\/wp-content\/uploads\/2026\/05\/chart_7_French-300x254.jpg 300w\" sizes=\"auto, (max-width: 407px) 100vw, 407px\" \/><\/figure>\n<\/div>\n\n\n\n<div class=\"wp-block-group hide-mobile is-layout-flow wp-block-group-is-layout-flow\">\n<div class=\"wp-block-columns is-layout-flex wp-container-core-columns-is-layout-28f84493 wp-block-columns-is-layout-flex\">\n<div class=\"wp-block-column is-layout-flow wp-block-column-is-layout-flow\">\n<div class=\"wp-block-group has-border-color has-global-padding is-layout-constrained wp-container-core-group-is-layout-3a01fca2 wp-block-group-is-layout-constrained\" style=\"border-color:#114467;border-width:2px;border-radius:20px;padding-top:var(--wp--preset--spacing--50);padding-right:var(--wp--preset--spacing--50);padding-bottom:0;padding-left:var(--wp--preset--spacing--50)\">\n<h4 class=\"wp-block-heading has-text-align-center mb-1\">Nombre de participants aux formations selon la profession<\/h4>\n\n\n\n<div class=\"wp-block-group mt-0 has-global-padding is-layout-constrained wp-block-group-is-layout-constrained\"><div class='ays-chart-container-google ays-chart-container-32' id='ays-chart-container6a032d74d830d' data-id='6a032d74d830d'><div class='ays-chart-header-container'><div class='ays-chart-charts-description ays-chart-charts-description6a032d74d830d'><\/div><\/div><div class='ays-chart-charts-main-container ays-chart-charts-main-container6a032d74d830d' id=ays-chart-donut_chart6a032d74d830d data-type='donut_chart'><\/div><div class='ays-chart-actions-container'><div class='ays-chart-export-buttons' data-id='32'><\/div><\/div><\/div>\n<\/div>\n<\/div>\n<\/div>\n\n\n\n<div class=\"wp-block-column is-layout-flow wp-block-column-is-layout-flow\">\n<div class=\"wp-block-group has-border-color has-global-padding is-layout-constrained wp-container-core-group-is-layout-3a01fca2 wp-block-group-is-layout-constrained\" style=\"border-color:#114467;border-width:2px;border-radius:20px;padding-top:var(--wp--preset--spacing--50);padding-right:var(--wp--preset--spacing--50);padding-bottom:0;padding-left:var(--wp--preset--spacing--50)\">\n<h4 class=\"wp-block-heading has-text-align-center\">R\u00e9partition entre les genres<\/h4>\n\n\n\n<div class=\"wp-block-group mt-0 has-global-padding is-layout-constrained wp-block-group-is-layout-constrained\"><div class='ays-chart-container-google ays-chart-container-33' id='ays-chart-container6a032d74d8856' data-id='6a032d74d8856'><div class='ays-chart-header-container'><div class='ays-chart-charts-description ays-chart-charts-description6a032d74d8856'><\/div><\/div><div class='ays-chart-charts-main-container ays-chart-charts-main-container6a032d74d8856' id=ays-chart-donut_chart6a032d74d8856 data-type='donut_chart'><\/div><div class='ays-chart-actions-container'><div class='ays-chart-export-buttons' data-id='33'><\/div><\/div><\/div>\n<\/div>\n<\/div>\n<\/div>\n<\/div>\n<\/div>\n\n\n\n<div class=\"wp-block-group hide-desktop has-global-padding is-layout-constrained wp-block-group-is-layout-constrained\">\n<figure class=\"wp-block-image size-full\"><img loading=\"lazy\" decoding=\"async\" width=\"844\" height=\"496\" src=\"https:\/\/annualreport.ejtn.eu\/wp-content\/uploads\/2026\/05\/chart-8_French_updated.jpg\" alt=\"\" class=\"wp-image-3056\" srcset=\"https:\/\/annualreport.ejtn.eu\/wp-content\/uploads\/2026\/05\/chart-8_French_updated.jpg 844w, https:\/\/annualreport.ejtn.eu\/wp-content\/uploads\/2026\/05\/chart-8_French_updated-300x176.jpg 300w, https:\/\/annualreport.ejtn.eu\/wp-content\/uploads\/2026\/05\/chart-8_French_updated-768x451.jpg 768w\" sizes=\"auto, (max-width: 844px) 100vw, 844px\" \/><\/figure>\n<\/div>\n\n\n\n<div class=\"wp-block-group hide-mobile has-border-color has-azure-blue-border-color has-global-padding is-layout-constrained wp-container-core-group-is-layout-06bdb20d wp-block-group-is-layout-constrained\" style=\"border-width:2px;border-radius:20px;padding-top:var(--wp--preset--spacing--50);padding-right:var(--wp--preset--spacing--50);padding-bottom:0;padding-left:var(--wp--preset--spacing--50)\">\n<h4 class=\"wp-block-heading has-text-align-center\">Nombre de participants selon la nationalit\u00e9<\/h4>\n\n\n\n<div class=\"wp-block-group mb-2 has-global-padding is-layout-constrained wp-block-group-is-layout-constrained\"><div class='ays-chart-container-google ays-chart-container-34' id='ays-chart-container6a032d74d8d90' data-id='6a032d74d8d90'><div class='ays-chart-header-container'><\/div><div class='ays-chart-charts-main-container ays-chart-charts-main-container6a032d74d8d90' id=ays-chart-bar_chart6a032d74d8d90 data-type='bar_chart'><\/div><div class='ays-chart-actions-container'><div class='ays-chart-export-buttons' data-id='34'><\/div><\/div><\/div>\n<\/div>\n<\/div>\n\n\n\n<p><\/p>\n<\/div>\n\n\n\n<p><\/p>\n\n\n\n<p><\/p>\n<\/div>\n","protected":false},"excerpt":{"rendered":"<p>&nbsp; 13 915 participants toutes activit\u00e9s confondues 947 activit\u00e9s organis\u00e9es 38 452 jours de formation individuelle Participants aux \u00e9changes, visites d\u2019\u00e9tude et autres programmes du REFJ en 2025 Participants aux actions de formation du REFJ, aux webinaires et aux activit\u00e9s des catalogues en 2025&nbsp; Nombre de participants pour les formations 2025 en ligne et en [&hellip;]<\/p>\n","protected":false},"author":7,"featured_media":0,"parent":2712,"menu_order":3,"comment_status":"closed","ping_status":"closed","template":"","meta":{"footnotes":""},"class_list":["post-2791","page","type-page","status-publish","hentry"],"_links":{"self":[{"href":"https:\/\/annualreport.ejtn.eu\/fr\/wp-json\/wp\/v2\/pages\/2791","targetHints":{"allow":["GET"]}}],"collection":[{"href":"https:\/\/annualreport.ejtn.eu\/fr\/wp-json\/wp\/v2\/pages"}],"about":[{"href":"https:\/\/annualreport.ejtn.eu\/fr\/wp-json\/wp\/v2\/types\/page"}],"author":[{"embeddable":true,"href":"https:\/\/annualreport.ejtn.eu\/fr\/wp-json\/wp\/v2\/users\/7"}],"replies":[{"embeddable":true,"href":"https:\/\/annualreport.ejtn.eu\/fr\/wp-json\/wp\/v2\/comments?post=2791"}],"version-history":[{"count":22,"href":"https:\/\/annualreport.ejtn.eu\/fr\/wp-json\/wp\/v2\/pages\/2791\/revisions"}],"predecessor-version":[{"id":3058,"href":"https:\/\/annualreport.ejtn.eu\/fr\/wp-json\/wp\/v2\/pages\/2791\/revisions\/3058"}],"up":[{"embeddable":true,"href":"https:\/\/annualreport.ejtn.eu\/fr\/wp-json\/wp\/v2\/pages\/2712"}],"wp:attachment":[{"href":"https:\/\/annualreport.ejtn.eu\/fr\/wp-json\/wp\/v2\/media?parent=2791"}],"curies":[{"name":"wp","href":"https:\/\/api.w.org\/{rel}","templated":true}]}}