{"id":2809,"date":"2026-02-26T11:00:30","date_gmt":"2026-02-26T11:00:30","guid":{"rendered":"https:\/\/annualreport.ejtn.eu\/2025-2\/2025-activities\/initial-training\/"},"modified":"2026-05-12T06:23:50","modified_gmt":"2026-05-12T06:23:50","slug":"initial-training","status":"publish","type":"page","link":"https:\/\/annualreport.ejtn.eu\/fr\/2025\/2025-activities\/initial-training\/","title":{"rendered":"Formation initiale"},"content":{"rendered":"\n<div class=\"wp-block-group has-azure-blue-background-color has-background has-global-padding is-layout-constrained wp-block-group-is-layout-constrained\" style=\"padding-top:0;padding-bottom:0\">\n<div class=\"wp-block-cover\"><img loading=\"lazy\" decoding=\"async\" width=\"1918\" height=\"599\" class=\"wp-block-cover__image-background wp-image-2653 size-full\" alt=\"\" src=\"https:\/\/annualreport.ejtn.eu\/wp-content\/uploads\/2026\/04\/initial-training.webp\" style=\"object-position:0% 0%\" data-object-fit=\"cover\" data-object-position=\"0% 0%\" srcset=\"https:\/\/annualreport.ejtn.eu\/wp-content\/uploads\/2026\/04\/initial-training.webp 1918w, https:\/\/annualreport.ejtn.eu\/wp-content\/uploads\/2026\/04\/initial-training-300x94.webp 300w, https:\/\/annualreport.ejtn.eu\/wp-content\/uploads\/2026\/04\/initial-training-1024x320.webp 1024w, https:\/\/annualreport.ejtn.eu\/wp-content\/uploads\/2026\/04\/initial-training-768x240.webp 768w, https:\/\/annualreport.ejtn.eu\/wp-content\/uploads\/2026\/04\/initial-training-1536x480.webp 1536w\" sizes=\"auto, (max-width: 1918px) 100vw, 1918px\" \/><span aria-hidden=\"true\" class=\"wp-block-cover__background has-background-dim-0 has-background-dim\" style=\"background-color:#595e6a\"><\/span><div class=\"wp-block-cover__inner-container has-global-padding is-layout-constrained wp-block-cover-is-layout-constrained\">\n<div class=\"wp-block-group container has-global-padding is-layout-constrained wp-block-group-is-layout-constrained\" style=\"padding-top:0;padding-bottom:0\">\n<p class=\"has-white-color has-text-color has-link-color wp-elements-d2da8a5808020facc96c41bcf5990e16\" style=\"padding-top:0;padding-bottom:0;font-size:18px\"><strong>Activit\u00e9s<\/strong> <strong>2025<\/strong><\/p>\n\n\n\n<h1 class=\"wp-block-heading has-white-color has-text-color has-link-color wp-elements-315bc351bf34542ed49c1bb774a1d269\">Formation initiale<\/h1>\n\n\n\n<div class=\"wp-block-columns is-layout-flex wp-container-core-columns-is-layout-28f84493 wp-block-columns-is-layout-flex\">\n<div class=\"wp-block-column is-layout-flow wp-block-column-is-layout-flow\" style=\"flex-basis:70%\">\n<p class=\"has-white-color has-text-color has-link-color has-medium-font-size wp-elements-d2e2c083202fb87acdde3ee892f43575\" style=\"font-style:normal;font-weight:300\">D\u00e8s le d\u00e9but de leur carri\u00e8re professionnelle, les juges et procureurs des \u00c9tats membres de l\u2019UE appliquent le droit de l\u2019Union et collaborent souvent avec leurs homologues d\u2019autres pays dans des affaires transfrontali\u00e8res. Le REFJ les aide \u00e0 d\u00e9velopper ces comp\u00e9tences gr\u00e2ce \u00e0 deux initiatives dirig\u00e9es vers formation initiale : le programme AIAKOS et le concours THEMIS.<\/p>\n<\/div>\n<\/div>\n<\/div>\n<\/div><\/div>\n<\/div>\n\n\n\n<div class=\"wp-block-group has-global-padding is-layout-constrained wp-block-group-is-layout-constrained\">\n<div class=\"wp-block-group has-global-padding is-layout-constrained wp-block-group-is-layout-constrained\">\n<div class=\"wp-block-group container has-global-padding is-layout-constrained wp-block-group-is-layout-constrained\">\n<div class=\"wp-block-columns is-layout-flex wp-container-core-columns-is-layout-28f84493 wp-block-columns-is-layout-flex\">\n<div class=\"wp-block-column is-layout-flow wp-block-column-is-layout-flow\" style=\"flex-basis:100%\">\n<p class=\"has-medium-font-size\" style=\"font-style:normal;font-weight:300\"><\/p>\n<\/div>\n<\/div>\n<\/div>\n<\/div>\n<\/div>\n\n\n\n<div class=\"wp-block-group has-global-padding is-layout-constrained wp-block-group-is-layout-constrained\">\n<div class=\"wp-block-group container has-global-padding is-layout-constrained wp-block-group-is-layout-constrained\">\n<h2 class=\"wp-block-heading\">Programme AIAKOS<\/h2>\n<\/div>\n<\/div>\n\n\n\n<div class=\"wp-block-group has-global-padding is-layout-constrained wp-block-group-is-layout-constrained\">\n<div class=\"wp-block-group container has-global-padding is-layout-constrained wp-block-group-is-layout-constrained\">\n<div class=\"wp-block-columns is-layout-flex wp-container-core-columns-is-layout-28f84493 wp-block-columns-is-layout-flex\">\n<div class=\"wp-block-column is-layout-flow wp-block-column-is-layout-flow\" style=\"flex-basis:66.66%\">\n<h3 class=\"wp-block-heading\">Vue d\u2019ensemble<\/h3>\n\n\n\n<p>Le programme AIAKOS constitue une plateforme d\u2019\u00e9changes unique, con\u00e7ue pour permettre aux futurs juges et procureurs ainsi qu\u2019aux professionnels en d\u00e9but de carri\u00e8re de mieux comprendre la diversit\u00e9 des syst\u00e8mes judiciaires nationaux, de renforcer la confiance mutuelle et de prendre pleinement conscience de la dimension europ\u00e9enne inh\u00e9rente \u00e0 leur travail. Organis\u00e9 deux fois par an, en mai et en novembre, le programme propose des \u00e9changes de cinq jours au sein des institutions judiciaires des diff\u00e9rents \u00c9tats membres de l\u2019UE. Les participants y observent des audiences et participent \u00e0 des discussions portant sur le droit de l\u2019UE, la num\u00e9risation de la justice, l\u2019\u00e9thique ou bien la coop\u00e9ration judiciaire.\u00a0<\/p>\n\n\n\n<h3 class=\"wp-block-heading\">R\u00e9alisations en 2025<\/h3>\n\n\n\n<p>L\u2019\u00e9dition 2025 du programme AIAKOS a confirm\u00e9 le dynamisme de cette activit\u00e9, avec 42 \u00e9changes organis\u00e9s dans 27 institutions judiciaires r\u00e9parties dans 24 \u00c9tats membres, r\u00e9unissant au total 1 289 participants. L\u2019augmentation du taux de participation a \u00e9t\u00e9 un enjeu pour 2025. Pour soutenir cet objectif, le REFJ a men\u00e9 un exercice de cartographie exhaustif des nouveaux magistrats stagiaires dans les \u00c9tats membres, en 2025 et pour les ann\u00e9es suivantes, afin d\u2019\u00e9valuer la faisabilit\u00e9 d\u2019une participation universelle des stagiaires.<\/p>\n\n\n\n<p>L\u2019offre de formation du programme a \u00e9t\u00e9 enrichie par des sessions en ligne parall\u00e8les portant sur des th\u00e8mes tels que la num\u00e9risation de la justice, les comp\u00e9tences judiciaires, l\u2019\u00e9thique judiciaire ou encore la communication en salle d\u2019audience, am\u00e9liorant ainsi l\u2019accessibilit\u00e9 et l\u2019inclusivit\u00e9. Les institutions h\u00f4tes ont hautement contribu\u00e9 \u00e0 la bonne exp\u00e9rience des participants gr\u00e2ce \u00e0 des proc\u00e8s fictifs, des ateliers interactifs ou bien des sessions d\u00e9di\u00e9es aux outils de justice num\u00e9rique. Les participants ont r\u00e9guli\u00e8rement salu\u00e9 l\u2019impact transformateur du programme, soulignant une meilleure compr\u00e9hension des syst\u00e8mes judiciaires transfrontaliers ainsi que la cr\u00e9ation de r\u00e9seaux professionnels pr\u00e9cieux.<\/p>\n\n\n\n<p><a id=\"_msocom_1\"><\/a><\/p>\n<\/div>\n\n\n\n<div class=\"wp-block-column is-layout-flow wp-block-column-is-layout-flow\" style=\"flex-basis:33.33%\">\n<figure class=\"wp-block-pullquote\"><blockquote><p>&#8220;Le REFJ a men\u00e9 un exercice de cartographie exhaustif des nouveaux magistrats stagiaires dans les \u00c9tats membres, en 2025 et pour les ann\u00e9es suivantes, afin d\u2019\u00e9valuer la faisabilit\u00e9 d\u2019une participation universelle des stagiaires.&#8221;<\/p><\/blockquote><\/figure>\n<\/div>\n<\/div>\n\n\n\n<figure class=\"wp-block-image size-large has-custom-border\"><img loading=\"lazy\" decoding=\"async\" width=\"1024\" height=\"853\" src=\"https:\/\/annualreport.ejtn.eu\/wp-content\/uploads\/2026\/02\/3-1024x853.webp\" alt=\"\" class=\"wp-image-1887\" style=\"border-top-left-radius:20px;border-top-right-radius:20px;border-bottom-left-radius:20px;border-bottom-right-radius:20px\" srcset=\"https:\/\/annualreport.ejtn.eu\/wp-content\/uploads\/2026\/02\/3-1024x853.webp 1024w, https:\/\/annualreport.ejtn.eu\/wp-content\/uploads\/2026\/02\/3-300x250.webp 300w, https:\/\/annualreport.ejtn.eu\/wp-content\/uploads\/2026\/02\/3-768x640.webp 768w, https:\/\/annualreport.ejtn.eu\/wp-content\/uploads\/2026\/02\/3-1536x1280.webp 1536w, https:\/\/annualreport.ejtn.eu\/wp-content\/uploads\/2026\/02\/3-2048x1707.webp 2048w\" sizes=\"auto, (max-width: 1024px) 100vw, 1024px\" \/><\/figure>\n<\/div>\n<\/div>\n\n\n\n<div class=\"wp-block-group has-azure-blue-background-color has-background has-global-padding is-layout-constrained wp-block-group-is-layout-constrained\">\n<div class=\"wp-block-group container has-global-padding is-layout-constrained wp-block-group-is-layout-constrained\">\n<div class=\"wp-block-columns is-layout-flex wp-container-core-columns-is-layout-28f84493 wp-block-columns-is-layout-flex\">\n<div class=\"wp-block-column is-vertically-aligned-center is-layout-flow wp-block-column-is-layout-flow\">\n<h3 class=\"wp-block-heading has-white-color has-text-color has-link-color wp-elements-4d6f5bc17d7c2603124b7fd8d676a441\">Contenu connexe<\/h3>\n\n\n\n<ul class=\"wp-block-list\">\n<li class=\"has-white-color has-text-color has-link-color wp-elements-4e3c26b8961add2d23fe724b70c34cdd\"><a href=\"https:\/\/ejtn.eu\/news\/aiakos-themis-calls-for-applications-launched\/\">AIAKOS &amp; THEMIS : lancement des appels \u00e0 candidatures\u202f<\/a>\u00a0<\/li>\n<\/ul>\n<\/div>\n\n\n\n<div class=\"wp-block-column is-vertically-aligned-center is-layout-flow wp-block-column-is-layout-flow\">\n<figure class=\"wp-block-image size-large has-custom-border\"><img loading=\"lazy\" decoding=\"async\" width=\"1024\" height=\"461\" src=\"https:\/\/annualreport.ejtn.eu\/wp-content\/uploads\/2026\/02\/AIAKOS-Italy-Nov-1024x461.webp\" alt=\"\" class=\"wp-image-1891\" style=\"border-top-left-radius:20px;border-top-right-radius:20px;border-bottom-left-radius:20px;border-bottom-right-radius:20px\" srcset=\"https:\/\/annualreport.ejtn.eu\/wp-content\/uploads\/2026\/02\/AIAKOS-Italy-Nov-1024x461.webp 1024w, https:\/\/annualreport.ejtn.eu\/wp-content\/uploads\/2026\/02\/AIAKOS-Italy-Nov-300x135.webp 300w, https:\/\/annualreport.ejtn.eu\/wp-content\/uploads\/2026\/02\/AIAKOS-Italy-Nov-768x346.webp 768w, https:\/\/annualreport.ejtn.eu\/wp-content\/uploads\/2026\/02\/AIAKOS-Italy-Nov-1536x691.webp 1536w, https:\/\/annualreport.ejtn.eu\/wp-content\/uploads\/2026\/02\/AIAKOS-Italy-Nov.webp 1600w\" sizes=\"auto, (max-width: 1024px) 100vw, 1024px\" \/><\/figure>\n<\/div>\n<\/div>\n<\/div>\n<\/div>\n\n\n\n<div class=\"wp-block-group has-background has-global-padding is-layout-constrained wp-block-group-is-layout-constrained\" style=\"background-color:#edf4fa\">\n<div class=\"wp-block-group container is-layout-flow wp-block-group-is-layout-flow\">\n<h2 class=\"wp-block-heading\">Concours THEMIS<\/h2>\n\n\n\n<h3 class=\"wp-block-heading\">Vue d\u2019ensemble<\/h3>\n\n\n\n<div class=\"wp-block-columns is-layout-flex wp-container-core-columns-is-layout-28f84493 wp-block-columns-is-layout-flex\">\n<div class=\"wp-block-column is-layout-flow wp-block-column-is-layout-flow\" style=\"flex-basis:66.66%\">\n<p>Le concours THEMIS r\u00e9unit de futurs juges et procureurs des \u00c9tats membres de l\u2019UE ainsi que de pays tiers pour d\u00e9battre de questions juridiques essentielles, r\u00e9diger des contributions, pr\u00e9senter leurs travaux et participer \u00e0 des \u00e9changes avec leurs pairs et un jury de haut niveau. Le concours comprend quatre demi-finales, chacune consacr\u00e9e \u00e0 un th\u00e8me distinct : proc\u00e9dures p\u00e9nales, droit de la famille ou droit administratif, proc\u00e9dures civiles et \u00e9thique judiciaire. Deux \u00e9quipes gagnantes de chaque demi-finale acc\u00e8dent \u00e0 la Grande Finale. Le concours vise \u00e0 renforcer la confiance mutuelle et \u00e0 approfondir les connaissances des cadres juridiques europ\u00e9ens et internationaux.<\/p>\n\n\n\n<p><a id=\"_msocom_1\"><\/a><\/p>\n<\/div>\n\n\n\n<div class=\"wp-block-column is-layout-flow wp-block-column-is-layout-flow\" style=\"flex-basis:33.33%\">\n<figure class=\"wp-block-pullquote\"><blockquote><p>&#8220;L\u2019\u00e9dition 2025 du concours THEMIS a marqu\u00e9 deux jalons importants.&#8221;<\/p><\/blockquote><\/figure>\n<\/div>\n<\/div>\n\n\n\n<div class=\"wp-block-columns is-layout-flex wp-container-core-columns-is-layout-28f84493 wp-block-columns-is-layout-flex\">\n<div class=\"wp-block-column is-layout-flow wp-block-column-is-layout-flow\" style=\"flex-basis:66.66%\">\n<h3 class=\"wp-block-heading\">R\u00e9alisations en 2025<\/h3>\n\n\n\n<p>L\u2019\u00e9dition 2025 du concours THEMIS a marqu\u00e9 deux jalons importants.<\/p>\n\n\n\n<p>Premi\u00e8rement, la Grande Finale du concours s\u2019est tenue pour la premi\u00e8re fois \u00e0 la Cour de justice de l\u2019Union europ\u00e9enne, \u00e0 Luxembourg. Le concours a r\u00e9uni 38 \u00e9quipes provenant de 16 pays, dont 12 \u00c9tats membres de l\u2019UE, trois pays des Balkans occidentaux et la Moldavie, illustrant la port\u00e9e europ\u00e9enne \u00e9tendue de l\u2019activit\u00e9. Les demi-finales se sont d\u00e9roul\u00e9es \u00e0 Floriana, Naples, Lisbonne et Vilnius, avant la Grande Finale \u00e0 Luxembourg, o\u00f9 l\u2019\u00e9quipe Roumanie I a remport\u00e9 la premi\u00e8re place, suivie de France I et de Roumanie II, respectivement deuxi\u00e8me et troisi\u00e8me. <\/p>\n\n\n\n<p>Deuxi\u00e8mement, le dernier Journal annuel THEMIS, marquant la 15e \u00e9dition du concours, a \u00e9t\u00e9 publi\u00e9 pour la premi\u00e8re fois par une maison d\u2019\u00e9dition externe, Anthemis. Il comprenait une contribution de l\u2019\u00e9quipe gagnante de l\u2019\u00e9dition pr\u00e9c\u00e9dente ainsi qu\u2019une pr\u00e9face du Pr\u00e9sident de la CJUE, Koen Lenaerts. Par ailleurs, la visite d\u2019\u00e9tude r\u00e9compensant les laur\u00e9ats du concours THEMIS 2024 s\u2019est d\u00e9roul\u00e9e \u00e0 la Cour de justice de l\u2019Union europ\u00e9enne.<a id=\"_msocom_1\"><\/a><\/p>\n\n\n\n<p><a id=\"_msocom_1\"><\/a><\/p>\n<\/div>\n\n\n\n<div class=\"wp-block-column is-vertically-aligned-center is-layout-flow wp-block-column-is-layout-flow\" style=\"flex-basis:33.33%\"><\/div>\n<\/div>\n\n\n\n<figure class=\"wp-block-image size-full has-custom-border img-fluid\"><img loading=\"lazy\" decoding=\"async\" width=\"2560\" height=\"1921\" src=\"https:\/\/annualreport.ejtn.eu\/wp-content\/uploads\/2026\/02\/themis210-scaled.webp\" alt=\"\" class=\"wp-image-1904\" style=\"border-top-left-radius:20px;border-top-right-radius:20px;border-bottom-left-radius:20px;border-bottom-right-radius:20px;object-fit:cover\" title=\"\" srcset=\"https:\/\/annualreport.ejtn.eu\/wp-content\/uploads\/2026\/02\/themis210-scaled.webp 2560w, https:\/\/annualreport.ejtn.eu\/wp-content\/uploads\/2026\/02\/themis210-300x225.webp 300w, https:\/\/annualreport.ejtn.eu\/wp-content\/uploads\/2026\/02\/themis210-1024x769.webp 1024w, https:\/\/annualreport.ejtn.eu\/wp-content\/uploads\/2026\/02\/themis210-768x576.webp 768w, https:\/\/annualreport.ejtn.eu\/wp-content\/uploads\/2026\/02\/themis210-1536x1153.webp 1536w, https:\/\/annualreport.ejtn.eu\/wp-content\/uploads\/2026\/02\/themis210-2048x1537.webp 2048w\" sizes=\"auto, (max-width: 2560px) 100vw, 2560px\" \/><\/figure>\n<\/div>\n<\/div>\n\n\n\n<div class=\"wp-block-group has-azure-blue-background-color has-background has-global-padding is-layout-constrained wp-block-group-is-layout-constrained\">\n<div class=\"wp-block-group container has-global-padding is-layout-constrained wp-block-group-is-layout-constrained\">\n<div class=\"wp-block-columns is-layout-flex wp-container-core-columns-is-layout-28f84493 wp-block-columns-is-layout-flex\">\n<div class=\"wp-block-column is-vertically-aligned-center is-layout-flow wp-block-column-is-layout-flow\">\n<h3 class=\"wp-block-heading has-white-color has-text-color has-link-color wp-elements-4d6f5bc17d7c2603124b7fd8d676a441\">Contenu connexe<\/h3>\n\n\n\n<ul class=\"wp-block-list\">\n<li class=\"has-white-color has-text-color has-link-color wp-elements-bd62c97035f66f03f0735d50d709d3d6\"><a href=\"https:\/\/ejtn.eu\/fr\/news\/lequipe-roumanie-i-triomphe-lors-de-la-grande-finale-du-concours-themis-2025\/\" target=\"_blank\" rel=\"noreferrer noopener\">L\u2019\u00e9quipe Roumanie I triomphe \u00e0 la Grande Finale THEMIS 2025<\/a>\u202f\u202f\u00a0<\/li>\n\n\n\n<li class=\"has-white-color has-text-color has-link-color wp-elements-1f35964d9b2b7d57be72bc3220fb4f43\"><a href=\"https:\/\/ejtn.eu\/fr\/news\/les-laureats-du-concours-themis-2024-en-visite-a-la-cour-de-justice-de-lunion-europeenne\/\">Les laur\u00e9ats du concours THEMIS 2024 visitent la CJUE<\/a><\/li>\n\n\n\n<li class=\"has-white-color has-text-color has-link-color wp-elements-102bbab1d4cd893546afcd7bea0088e6\"><a href=\"https:\/\/ejtn.eu\/fr\/news\/demi-finales-de-themis-2025-les-futurs-magistrats-debattent-du-droit-et-faconnent-lavenir-judiciaire-de-leurope\/\">THEMIS 2025 : les demi-finales o\u00f9 les futurs magistrats d\u00e9battent du droit et fa\u00e7onnent l\u2019avenir judiciaire de l\u2019Europe<\/a><\/li>\n<\/ul>\n<\/div>\n\n\n\n<div class=\"wp-block-column is-vertically-aligned-center is-layout-flow wp-block-column-is-layout-flow\">\n<figure class=\"wp-block-image size-full has-custom-border\"><img loading=\"lazy\" decoding=\"async\" width=\"2560\" height=\"1665\" src=\"https:\/\/annualreport.ejtn.eu\/wp-content\/uploads\/2026\/02\/themis112-scaled.webp\" alt=\"\" class=\"wp-image-1906\" style=\"border-top-left-radius:20px;border-top-right-radius:20px;border-bottom-left-radius:20px;border-bottom-right-radius:20px\" srcset=\"https:\/\/annualreport.ejtn.eu\/wp-content\/uploads\/2026\/02\/themis112-scaled.webp 2560w, https:\/\/annualreport.ejtn.eu\/wp-content\/uploads\/2026\/02\/themis112-300x195.webp 300w, https:\/\/annualreport.ejtn.eu\/wp-content\/uploads\/2026\/02\/themis112-1024x666.webp 1024w, https:\/\/annualreport.ejtn.eu\/wp-content\/uploads\/2026\/02\/themis112-768x500.webp 768w, https:\/\/annualreport.ejtn.eu\/wp-content\/uploads\/2026\/02\/themis112-1536x999.webp 1536w, https:\/\/annualreport.ejtn.eu\/wp-content\/uploads\/2026\/02\/themis112-2048x1332.webp 2048w\" sizes=\"auto, (max-width: 2560px) 100vw, 2560px\" \/><\/figure>\n<\/div>\n<\/div>\n<\/div>\n<\/div>\n\n\n\n<p><\/p>\n","protected":false},"excerpt":{"rendered":"<p>Programme AIAKOS Vue d\u2019ensemble Le programme AIAKOS constitue une plateforme d\u2019\u00e9changes unique, con\u00e7ue pour permettre aux futurs juges et procureurs ainsi qu\u2019aux professionnels en d\u00e9but de carri\u00e8re de mieux comprendre la diversit\u00e9 des syst\u00e8mes judiciaires nationaux, de renforcer la confiance mutuelle et de prendre pleinement conscience de la dimension europ\u00e9enne inh\u00e9rente \u00e0 leur travail. Organis\u00e9 [&hellip;]<\/p>\n","protected":false},"author":7,"featured_media":0,"parent":2808,"menu_order":2,"comment_status":"closed","ping_status":"closed","template":"","meta":{"footnotes":""},"class_list":["post-2809","page","type-page","status-publish","hentry"],"_links":{"self":[{"href":"https:\/\/annualreport.ejtn.eu\/fr\/wp-json\/wp\/v2\/pages\/2809","targetHints":{"allow":["GET"]}}],"collection":[{"href":"https:\/\/annualreport.ejtn.eu\/fr\/wp-json\/wp\/v2\/pages"}],"about":[{"href":"https:\/\/annualreport.ejtn.eu\/fr\/wp-json\/wp\/v2\/types\/page"}],"author":[{"embeddable":true,"href":"https:\/\/annualreport.ejtn.eu\/fr\/wp-json\/wp\/v2\/users\/7"}],"replies":[{"embeddable":true,"href":"https:\/\/annualreport.ejtn.eu\/fr\/wp-json\/wp\/v2\/comments?post=2809"}],"version-history":[{"count":8,"href":"https:\/\/annualreport.ejtn.eu\/fr\/wp-json\/wp\/v2\/pages\/2809\/revisions"}],"predecessor-version":[{"id":2823,"href":"https:\/\/annualreport.ejtn.eu\/fr\/wp-json\/wp\/v2\/pages\/2809\/revisions\/2823"}],"up":[{"embeddable":true,"href":"https:\/\/annualreport.ejtn.eu\/fr\/wp-json\/wp\/v2\/pages\/2808"}],"wp:attachment":[{"href":"https:\/\/annualreport.ejtn.eu\/fr\/wp-json\/wp\/v2\/media?parent=2809"}],"curies":[{"name":"wp","href":"https:\/\/api.w.org\/{rel}","templated":true}]}}